{"id":1584,"date":"2021-06-06T13:22:25","date_gmt":"2021-06-06T09:22:25","guid":{"rendered":"https:\/\/wise.digitalgoal.ro\/?page_id=1584"},"modified":"2024-07-29T13:51:18","modified_gmt":"2024-07-29T09:51:18","slug":"politica-cookies","status":"publish","type":"page","link":"https:\/\/wise.travel\/en\/politica-cookies\/","title":{"rendered":"Cookies Policy"},"content":{"rendered":"<div data-elementor-type=\"wp-page\" data-elementor-id=\"1584\" class=\"elementor elementor-1584\" data-elementor-post-type=\"page\">\n\t\t\t\t\t\t<section class=\"elementor-section elementor-top-section elementor-element elementor-element-df913f4 elementor-section-full_width elementor-section-stretched elementor-section-height-default elementor-section-height-default\" data-id=\"df913f4\" data-element_type=\"section\" data-e-type=\"section\" data-settings=\"{&quot;stretch_section&quot;:&quot;section-stretched&quot;,&quot;background_background&quot;:&quot;classic&quot;}\">\n\t\t\t\t\t\t\t<div class=\"elementor-background-overlay\"><\/div>\n\t\t\t\t\t\t\t<div class=\"elementor-container elementor-column-gap-no\">\n\t\t\t\t\t<div class=\"elementor-column elementor-col-100 elementor-top-column elementor-element elementor-element-97cb6f9\" data-id=\"97cb6f9\" data-element_type=\"column\" data-e-type=\"column\">\n\t\t\t<div class=\"elementor-widget-wrap elementor-element-populated\">\n\t\t\t\t\t\t<div class=\"elementor-element elementor-element-6997fa4 text-sus elementor-widget elementor-widget-heading\" data-id=\"6997fa4\" data-element_type=\"widget\" data-e-type=\"widget\" data-widget_type=\"heading.default\">\n\t\t\t\t<div class=\"elementor-widget-container\">\n\t\t\t\t\t<h2 class=\"elementor-heading-title elementor-size-default\">WISE.travel \u2013 From Travelers to Travelers\n<br><br>\nCookies Policy\n<\/br><\/br><\/h2>\t\t\t\t<\/div>\n\t\t\t\t<\/div>\n\t\t\t\t\t<\/div>\n\t\t<\/div>\n\t\t\t\t\t<\/div>\n\t\t<\/section>\n\t\t\t\t<section class=\"elementor-section elementor-top-section elementor-element elementor-element-a2a71aa elementor-section-full_width elementor-section-height-default elementor-section-height-default\" data-id=\"a2a71aa\" data-element_type=\"section\" data-e-type=\"section\">\n\t\t\t\t\t\t<div class=\"elementor-container elementor-column-gap-default\">\n\t\t\t\t\t<div class=\"elementor-column elementor-col-100 elementor-top-column elementor-element elementor-element-d8e94d4\" data-id=\"d8e94d4\" data-element_type=\"column\" data-e-type=\"column\">\n\t\t\t<div class=\"elementor-widget-wrap elementor-element-populated\">\n\t\t\t\t\t\t<div class=\"elementor-element elementor-element-29ccc0a elementor-widget elementor-widget-text-editor\" data-id=\"29ccc0a\" data-element_type=\"widget\" data-e-type=\"widget\" data-widget_type=\"text-editor.default\">\n\t\t\t\t<div class=\"elementor-widget-container\">\n\t\t\t\t\t\t\t\t\t<p>WISE.TRAVEL uses cookies to personalize and improve your experience on our website, in accordance with the\u00a0<a href=\"https:\/\/wise.travel\/en\/declaratia-de-confidentialitate\/\">Privacy Policy.<\/a>.<br \/>Continuing browsing means the visitor agrees to the use of cookies.<\/p><p><em><i>The current Cookie Policy has been updated on November 1st 2021 and applies to all citizens of the European Economic Area.<\/i><\/em><\/p><p><strong><b>1. INTRODUCTION<\/b><\/strong><\/p><p>Our website, https:\/\/www.WISE.travel (hereinafter: \"the website\" or \"WISE\") uses cookies and other related technologies (for convenience, all mentioned technologies will be referred to as \"cookies\"). Cookie files are also placed and used by third parties. In the document below, we inform you about the use of cookies on our website.<\/p><p><strong><b>2. WHAT ARE COOKIE FILES?<\/b><\/strong><\/p><p>A cookie file is a simple, small file that is sent to the user together with the pages of this website and stored by your browser on the hard drive of your computer or any device used to visit the site. The information stored here may be saved on our servers, or on servers of relevant third parties, during a subsequent visit.<\/p><p><strong><b>3. WHAT ARE SCRIPTS?<\/b><\/strong><\/p><p>A script is a code that is used to make our website work properly and interactively. This code is executed on our server or on your device.<\/p><p><strong><b>4. WHAT ARE WEB BEACONS?<\/b><\/strong><\/p><p>A web beacon (or a pixel tag) is an invisible portion of text or an image on a website, used to monitor the traffic of the respective website. In order to fulfill this function, various data about you are stored with the help of web beacons.<\/p><p><strong><b>5. CONSENT<\/b><\/strong><\/p><p>When you visit our website for the first time, we will show you a pop-up banner containing the necessary explanations about cookie files. As soon as you select the option to use all types of Cookies and save your preferences, you will give your consent to use all cookie and plug-in files, as described in the mentioned window, as well as in this Cookie Policy.<\/p><p><strong><b>6. THIRD PARTIES<\/b><\/strong><\/p><p>We have concluded agreements regarding the use of cookie files with other companies that place cookie files. In any case, we cannot guarantee that these third parties operate your personal data in a reliable and secure manner. Third parties such as Google are considered as independent data operators, within the limits of the GDPR regulation. We recommend that you carefully read the Terms, Conditions and Privacy Policies of these companies.<\/p><p><strong><b>7.  COOKIES<\/b><\/strong><\/p><p>7.1 Technical or Functional Cookie Files<br \/>Some cookie files ensure the proper functioning of certain portions of the website, as well as the fact that the user's preferences remain known. By placing functional cookies, we facilitate your visit to our website. In this way, you will not have to re-enter the same information when you visit our website and, for example, the items of the online store can remain in the basket until you pay for them. We reserve the right to place these cookie files without consent.<\/p><p>7.2 Advertising Cookie Files<br \/>This website uses cookies for Marketing and Advertising, allowing us to personalize ads for you and to get insights about the results of the campaigns. This process happens based on a profile we create, based on your clicks while you navigate both inside and outside <a href=\"https:\/\/www.WISE.travel.\"><u>https:\/\/www.WISE.travel.<\/u><\/a>You, as a visitor of the website, are registered with a unique ID, with the help of these cookies, so that, for example, you do not see the same advertisement twice.<\/p><p>Since these cookie files are marked as tracking cookies, we ask for your permission to place such files on your device.<\/p><p>7.3. Social Media Tabs<br \/>Our website includes tabs for Facebook, Linkedin, Whatsapp, Instagram and others, with the aim of promoting various pages (Like or Save buttons) or for sharing (Tweet) on social networks such as Facebook, Linkedin, Whatsapp, Instagram and others. These buttons work using portions of proprietary code for Facebook, Linkedin, Whatsapp, Instagram or others, placing cookie files. These social media buttons can also store and process certain information, so that a personalized advertisement can be displayed for you.<\/p><p>Please, read the Privacy Policies of these social networks (policies that can change regularly), to determine how they use your personal data that they process with the help of these cookie files. The recovered data are anonymized as much as possible. Facebook, Linkedin, Whatsapp, Instagram and others are located in the United States of America.<\/p><p><strong><b>8. PLACED COOKIE FILES<\/b><\/strong><\/p><p><strong><b>GOOGLE ANALYTICS<\/b><\/strong><\/p><p>Goal: Performance<\/p><p>Retention period: From one session to 2 years<\/p><p>Description: We use Google Analytics, a web analysis service provided by Google. Google Analytics uses cookies that allow us to analyze the use of our website and to compile reports on the activity on the site and the use of the Internet.<\/p><p>Names used<\/p><p>Sharing<\/p><p>_ga, _gid, _gat, _gaexp, _utm, __utmc, UTMD_, __utmv, __utmz, _gat_gtag_UA_ID, gadwp_wg_default_view, gadwp_wg_default_swmetric, gadwp_wg_default_metric, gadwp_wg_default_dimension, gadwp_ir_default_dimension, gadwp_ir_default_swmetric, gadwp_ir_default_metric<\/p><p><a href=\"https:\/\/policies.google.com\/privacy\">Confidentiality Policy<\/a><\/p><p><strong><b>FACEBOOK<\/b><\/strong><\/p><p>Goal: Personalized advertising<\/p><p>Retention period: 1 year<\/p><p>Description: Facebook uses cookie files for personalized advertising for its users<\/p><p>Names used<\/p><p>Sharing<\/p><p>fbm_, actppresence, sb, csm, c_user, frstxs, datr, _fbp<\/p><p><a href=\"https:\/\/www.facebook.com\/policy\/cookies\">Confidentiality Policy<\/a><\/p><p><strong><b>WP_API SCHEMA<\/b><\/strong><\/p><p>Goal: Showing a banner for cookies.<\/p><p>Retention period: 365 days<\/p><p>Description: This cookie file allows showing a banner for cookies.<\/p><p>Names used<\/p><p>Sharing<\/p><p>moove_gdpr_popup<\/p><p><a href=\"https:\/\/www.innab.ro\/privacy-statement-eu\/\">Confidentiality Policy<\/a><\/p><p><strong><b>JETPACK<\/b><\/strong><\/p><p>Goal: Improving the Website<\/p><p>Retention period: 365 days<\/p><p>Description: This cookie optimizes the use of internet traffic and improves user experience in terms of accessibility.<\/p><p>Names used<\/p><p>Sharing<\/p><p>tk_tc, tk_qs, tk_ai, jetpackState<\/p><p><a href=\"https:\/\/www.innab.ro\/politica-pentru-cookies\/\">Confidentiality Policy<\/a><\/p><p><strong><b>WOOCOMMERCE<\/b><\/strong><\/p><p>Goal: This cookie file is placed to remember sales and articles in the shopping cart.<\/p><p>Retention period: 365 days<\/p><p>Description: This cookie file is placed to remember sales and articles in the shopping cart.<\/p><p>Names used<\/p><p>Sharing<\/p><p>wc_cart_hash_xxxxxx, wpwoocommerce_session_xxxxxx, woocommerce_recently_viewed, woocommerce_items_in_cart, woocommerce_cart_hash, wp_woocommerce_session_xxxxxx<\/p><p><a href=\"https:\/\/www.innab.ro\/privacy-statement-eu\/\">Confidentiality Policy<\/a><\/p><p><strong><b>PHP SESSION ID<\/b><\/strong><\/p><p>Goal: Storing user data for all pages visited for functionality.<\/p><p>Retention period: 365 days<\/p><p>Description: Sessions are a simple way to store data for the individual user associated with a unique session ID. Session IDs are sent to the browser via session cookies, and the ID is used to retrieve existing session data.<\/p><p>Names used<\/p><p>Sharing<\/p><p>PHPSESSID<\/p><p><a href=\"https:\/\/www.innab.ro\/privacy-statement-eu\/\">Confidentiality Policy<\/a><\/p><p>GOOGLE ADS OPTIMIZATION<\/p><p>Goal: Personalized advertising<\/p><p>Retention period: 1 year<\/p><p>Description: Google tracks users across platforms to efficiently target them with personalized ads.<\/p><p>Names used<\/p><p>Sharing<\/p><p>PREF, NID, id, _drt_, HSID, SSIDAPISID, SAPISID, __ut, OGPC, SID, HSID, SSID, APISID, SNID, CONSENT, _gat_gtag_UA_xxxxxx<\/p><p><a href=\"https:\/\/policies.google.com\/privacy\">Confidentiality Policy<\/a><\/p><p><strong><b>LINKEDIN<\/b><\/strong><\/p><p>Goal: Linkedin places cookies files to track users<\/p><p>Retention period: 1 year<\/p><p>Description: Google tracks users across platforms to efficiently target them with personalized ads.<\/p><p>Names used<\/p><p>Sharing<\/p><p>X-LI-IDC<\/p><p><a href=\"https:\/\/www.linkedin.com\/legal\/privacy-policy\">Confidentiality Policy<\/a><\/p><p><strong><b>WHATSAPP<\/b><\/strong><\/p><p>Goal: Whatsapp is a multi-platform service for smartphones and computers, protected by end-to-end encryption.<\/p><p>Retention period: 1 year<\/p><p>Description: The Whatsapp cookie file makes it possible to share information with visitors' friends and others.<\/p><p>Names used<\/p><p>Sharing<\/p><p><a href=\"#privacy-policy\">Confidentiality Policy<\/a><\/p><p><strong><b>INSTAGRAM<\/b><\/strong><\/p><p>Goal: Personalized advertising<\/p><p>Retention period: 1 year<\/p><p>Description: Instagram uses cookie files to efficiently target users with personalized ads.<\/p><p>Names used<\/p><p>Sharing<\/p><p>fbm_, actppresence, sb, csm, c_user, frstxs, datr, _fbp<\/p><p><a href=\"https:\/\/help.instagram.com\/1896641480634370?ref=ig\">Confidentiality Policy<\/a><\/p><p><strong><b>GOOGLE FONTS<\/b><\/strong><\/p><p>Goal: Display custom fonts on our website.<\/p><p>Retention period: 365 days<\/p><p>Description: We use the Google Fonts API to display fonts on our website. The Google Fonts API requires your IP address to be able to display the fonts.<\/p><p>Names used<\/p><p>Sharing<\/p><p>tcb_google_fonts<\/p><p><a href=\"https:\/\/policies.google.com\/privacy\">Confidentiality Policy<\/a><\/p><p><strong><b>GOOGLE MAPS<\/b><\/strong><\/p><p>Goal: Show Google Maps on our site.<\/p><p>Retention period: 30 days<\/p><p>Description: We have integrated Google maps on our website. Our website connects to the API for Google Maps, in order to be able to display these maps. The Google Maps API requests your IP address.<\/p><p>Names used<\/p><p>Sharing<\/p><p><a href=\"https:\/\/policies.google.com\/privacy\">Confidentiality Policy<\/a><\/p><p><strong><b>YOUTUBE<\/b><\/strong><\/p><p>Goal: Youtube cookie files track individual users.<\/p><p>Retention period: 30 days<\/p><p>Description: cookie files for tracking individual users.<\/p><p>Names used<\/p><p>Sharing<\/p><p><a href=\"https:\/\/myaccount.google.com\/privacy\">Confidentiality Policy<\/a><\/p><p><strong><b>9. YOUR RIGHTS CONCERNING PERSONAL INFORMATION<\/b><\/strong><\/p><p>You have the following rights with respect to your personal information:<\/p><ul><li>\u2022\tYou have the right to know the reasons why your personal data is required, what will happen with them and how long they can be used.<br \/>\u2022\tThe right to access information: You have the right to access the personal data that is known to us.<br \/>\u2022\tThe right to rectify: You have the right to supplement, correct, request the deletion or block your personal data whenever you want.<br \/>\u2022\tIf you give us your consent to process your data, you have the right to revoke it and request the deletion of your personal data.<br \/>\u2022\tThe right to transfer your data: You have the right to demand your data to be transferred from one operator to another.<br \/>\u2022\tThe right to object: You have the right to object on your personal data being processed. We will respect your objection, except for when there is a legal and necessary reason for the data to be processed.<\/li><\/ul><p>To exercise these rights, please contact us. Please refer to your contact details at the bottom of this Cookie Policy document. If you have a complaint about the way we operate your data, we are at your disposal for clarifications or remedies, but you also have the right to register a complaint with the <a href=\"https:\/\/www.dataprotection.ro\/\">National Authority for the Supervision of Processing Personal Data.<\/a>.<\/p><p><strong><b>10. ACTIVATING\/DE-ACTIVATING\/DELETING COOKIE FILES<\/b><\/strong><\/p><p>You can use your internet browser to automatically or manually delete cookie files. You can specify if certain cookie files cannot be placed. Another available option is to modify your internet browser settings to be able to receive messages each time a cookie file is placed. For more information about these options, please refer to the instructions in the Help section of your browser. Either, you can indicate your preferences to the following page:\u00a0<a href=\"https:\/\/www.innab.ro\/politica-pentru-cookies\/www.youronlinechoices.eu\">www.youronlinechoices.eu<\/a><\/p><p>Please note that our website may not function properly if all cookies are disabled. If you delete all cookies from your browser, they will be placed again on your next visit, after you express your consent.<\/p><p><strong><b>11. CONTACT DETAILS<\/b><\/strong><\/p><p>For questions and\/or comments regarding our Cookie Policy, please contact us using the following details:<\/p><p>WISE.TRAVEL SRL\u00a0<br \/>Fiscal registration code: 37696204<br \/>Register of Commerce: J22\/1617\/2017<\/p><p>Address: no. 5, Bazinelor Street, Miroslava commune, Iasi county, zip code 707316<\/p><p>Telefon:\u00a0+4 0757 110 231<\/p><p>Website: https:\/\/WISE.travel <br \/>Email: support@WISE.travel<\/p>\t\t\t\t\t\t\t\t<\/div>\n\t\t\t\t<\/div>\n\t\t\t\t\t<\/div>\n\t\t<\/div>\n\t\t\t\t\t<\/div>\n\t\t<\/section>\n\t\t\t\t<\/div>","protected":false},"excerpt":{"rendered":"<p>WISE.travel \u2013 De la C\u0103l\u0103tori pentru C\u0103l\u0103tori Politic\u0103 Cookies WISE.TRAVEL utilizeaz\u0103 fi\u015fiere de tip cookie pentru a personaliza \u0219i \u00eembun\u0103t\u0103\u021bi experien\u021ba ta pe website-ul nostru, \u00een conformitate cu\u00a0Politica de confiden\u021bialitate.Continuarea navig\u0103rii presupune c\u0103 esti de acord cu utilizarea cookie-urilor de catre WISE.TRAVEL. Aceasta Politica pentru Cookies a fost actualizata pe 1 noiembrie 2021 si se [&#8230;]\n","protected":false},"author":1,"featured_media":0,"parent":0,"menu_order":0,"comment_status":"closed","ping_status":"closed","template":"","meta":{"inline_featured_image":false,"footnotes":""},"class_list":["post-1584","page","type-page","status-publish","hentry"],"yoast_head":"<!-- This site is optimized with the Yoast SEO plugin v27.5 - https:\/\/yoast.com\/product\/yoast-seo-wordpress\/ -->\n<title>Politic\u0103 Cookies - WISE.travel<\/title>\n<meta name=\"description\" content=\"C\u0103l\u0103torii premium, business &amp; leisure. Experien\u021be personalizate, f\u0103r\u0103 griji.\" \/>\n<meta name=\"robots\" content=\"index, follow, max-snippet:-1, max-image-preview:large, max-video-preview:-1\" \/>\n<link rel=\"canonical\" href=\"https:\/\/wise.travel\/en\/politica-cookies\/\" \/>\n<meta property=\"og:locale\" content=\"en_US\" \/>\n<meta property=\"og:type\" content=\"article\" \/>\n<meta property=\"og:title\" content=\"Politic\u0103 Cookies - WISE.travel\" \/>\n<meta property=\"og:description\" content=\"C\u0103l\u0103torii premium, business &amp; leisure. Experien\u021be personalizate, f\u0103r\u0103 griji.\" \/>\n<meta property=\"og:url\" content=\"https:\/\/wise.travel\/en\/politica-cookies\/\" \/>\n<meta property=\"og:site_name\" content=\"WISE.travel\" \/>\n<meta property=\"article:modified_time\" content=\"2024-07-29T09:51:18+00:00\" \/>\n<meta property=\"og:image\" content=\"https:\/\/wise.travel\/wp-content\/uploads\/2025\/09\/City-Break-uri-smart-Cum-iti-organizezi-singur-vacanta-de-2-3-zile-fara-stres-si-pierderi-de-timp.png\" \/>\n\t<meta property=\"og:image:width\" content=\"1020\" \/>\n\t<meta property=\"og:image:height\" content=\"560\" \/>\n\t<meta property=\"og:image:type\" content=\"image\/png\" \/>\n<meta name=\"twitter:card\" content=\"summary_large_image\" \/>\n<meta name=\"twitter:label1\" content=\"Est. reading time\" \/>\n\t<meta name=\"twitter:data1\" content=\"10 minutes\" \/>\n<script type=\"application\/ld+json\" class=\"yoast-schema-graph\">{\"@context\":\"https:\\\/\\\/schema.org\",\"@graph\":[{\"@type\":\"WebPage\",\"@id\":\"https:\\\/\\\/wise.travel\\\/politica-cookies\\\/\",\"url\":\"https:\\\/\\\/wise.travel\\\/politica-cookies\\\/\",\"name\":\"Politic\u0103 Cookies - WISE.travel\",\"isPartOf\":{\"@id\":\"https:\\\/\\\/wise.travel\\\/#website\"},\"datePublished\":\"2021-06-06T09:22:25+00:00\",\"dateModified\":\"2024-07-29T09:51:18+00:00\",\"description\":\"C\u0103l\u0103torii premium, business & leisure. Experien\u021be personalizate, f\u0103r\u0103 griji.\",\"breadcrumb\":{\"@id\":\"https:\\\/\\\/wise.travel\\\/politica-cookies\\\/#breadcrumb\"},\"inLanguage\":\"en-US\",\"potentialAction\":[{\"@type\":\"ReadAction\",\"target\":[\"https:\\\/\\\/wise.travel\\\/politica-cookies\\\/\"]}]},{\"@type\":\"BreadcrumbList\",\"@id\":\"https:\\\/\\\/wise.travel\\\/politica-cookies\\\/#breadcrumb\",\"itemListElement\":[{\"@type\":\"ListItem\",\"position\":1,\"name\":\"Home\",\"item\":\"https:\\\/\\\/wise.travel\\\/\"},{\"@type\":\"ListItem\",\"position\":2,\"name\":\"Politic\u0103 Cookies\"}]},{\"@type\":\"WebSite\",\"@id\":\"https:\\\/\\\/wise.travel\\\/#website\",\"url\":\"https:\\\/\\\/wise.travel\\\/\",\"name\":\"WISE.travel\",\"description\":\"Agentie de turism\",\"potentialAction\":[{\"@type\":\"SearchAction\",\"target\":{\"@type\":\"EntryPoint\",\"urlTemplate\":\"https:\\\/\\\/wise.travel\\\/?s={search_term_string}\"},\"query-input\":{\"@type\":\"PropertyValueSpecification\",\"valueRequired\":true,\"valueName\":\"search_term_string\"}}],\"inLanguage\":\"en-US\"}]}<\/script>\n<!-- \/ Yoast SEO plugin. -->","yoast_head_json":{"title":"Politic\u0103 Cookies - WISE.travel","description":"C\u0103l\u0103torii premium, business & leisure. Experien\u021be personalizate, f\u0103r\u0103 griji.","robots":{"index":"index","follow":"follow","max-snippet":"max-snippet:-1","max-image-preview":"max-image-preview:large","max-video-preview":"max-video-preview:-1"},"canonical":"https:\/\/wise.travel\/en\/politica-cookies\/","og_locale":"en_US","og_type":"article","og_title":"Politic\u0103 Cookies - WISE.travel","og_description":"C\u0103l\u0103torii premium, business & leisure. Experien\u021be personalizate, f\u0103r\u0103 griji.","og_url":"https:\/\/wise.travel\/en\/politica-cookies\/","og_site_name":"WISE.travel","article_modified_time":"2024-07-29T09:51:18+00:00","og_image":[{"url":"https:\/\/wise.travel\/wp-content\/uploads\/2025\/09\/City-Break-uri-smart-Cum-iti-organizezi-singur-vacanta-de-2-3-zile-fara-stres-si-pierderi-de-timp.png","width":1020,"height":560,"type":"image\/png"}],"twitter_card":"summary_large_image","twitter_misc":{"Est. reading time":"10 minutes"},"schema":{"@context":"https:\/\/schema.org","@graph":[{"@type":"WebPage","@id":"https:\/\/wise.travel\/politica-cookies\/","url":"https:\/\/wise.travel\/politica-cookies\/","name":"Politic\u0103 Cookies - WISE.travel","isPartOf":{"@id":"https:\/\/wise.travel\/#website"},"datePublished":"2021-06-06T09:22:25+00:00","dateModified":"2024-07-29T09:51:18+00:00","description":"C\u0103l\u0103torii premium, business & leisure. Experien\u021be personalizate, f\u0103r\u0103 griji.","breadcrumb":{"@id":"https:\/\/wise.travel\/politica-cookies\/#breadcrumb"},"inLanguage":"en-US","potentialAction":[{"@type":"ReadAction","target":["https:\/\/wise.travel\/politica-cookies\/"]}]},{"@type":"BreadcrumbList","@id":"https:\/\/wise.travel\/politica-cookies\/#breadcrumb","itemListElement":[{"@type":"ListItem","position":1,"name":"Home","item":"https:\/\/wise.travel\/"},{"@type":"ListItem","position":2,"name":"Politic\u0103 Cookies"}]},{"@type":"WebSite","@id":"https:\/\/wise.travel\/#website","url":"https:\/\/wise.travel\/","name":"WISE.travel","description":"Agentie de turism","potentialAction":[{"@type":"SearchAction","target":{"@type":"EntryPoint","urlTemplate":"https:\/\/wise.travel\/?s={search_term_string}"},"query-input":{"@type":"PropertyValueSpecification","valueRequired":true,"valueName":"search_term_string"}}],"inLanguage":"en-US"}]}},"_links":{"self":[{"href":"https:\/\/wise.travel\/en\/wp-json\/wp\/v2\/pages\/1584","targetHints":{"allow":["GET"]}}],"collection":[{"href":"https:\/\/wise.travel\/en\/wp-json\/wp\/v2\/pages"}],"about":[{"href":"https:\/\/wise.travel\/en\/wp-json\/wp\/v2\/types\/page"}],"author":[{"embeddable":true,"href":"https:\/\/wise.travel\/en\/wp-json\/wp\/v2\/users\/1"}],"replies":[{"embeddable":true,"href":"https:\/\/wise.travel\/en\/wp-json\/wp\/v2\/comments?post=1584"}],"version-history":[{"count":13,"href":"https:\/\/wise.travel\/en\/wp-json\/wp\/v2\/pages\/1584\/revisions"}],"predecessor-version":[{"id":5394,"href":"https:\/\/wise.travel\/en\/wp-json\/wp\/v2\/pages\/1584\/revisions\/5394"}],"wp:attachment":[{"href":"https:\/\/wise.travel\/en\/wp-json\/wp\/v2\/media?parent=1584"}],"curies":[{"name":"wp","href":"https:\/\/api.w.org\/{rel}","templated":true}]}}