{"id":1589,"date":"2021-06-06T13:24:52","date_gmt":"2021-06-06T09:24:52","guid":{"rendered":"https:\/\/wise.digitalgoal.ro\/?page_id=1589"},"modified":"2021-11-03T19:10:57","modified_gmt":"2021-11-03T15:10:57","slug":"declaratia-de-confidentialitate","status":"publish","type":"page","link":"https:\/\/wise.travel\/en\/declaratia-de-confidentialitate\/","title":{"rendered":"Declara\u021bia de Confiden\u021bialitate"},"content":{"rendered":"<div data-elementor-type=\"wp-page\" data-elementor-id=\"1589\" class=\"elementor elementor-1589\" data-elementor-post-type=\"page\">\n\t\t\t\t\t\t<section class=\"elementor-section elementor-top-section elementor-element elementor-element-df913f4 elementor-section-full_width elementor-section-stretched elementor-section-height-default elementor-section-height-default\" data-id=\"df913f4\" data-element_type=\"section\" data-e-type=\"section\" data-settings=\"{&quot;stretch_section&quot;:&quot;section-stretched&quot;,&quot;background_background&quot;:&quot;classic&quot;}\">\n\t\t\t\t\t\t\t<div class=\"elementor-background-overlay\"><\/div>\n\t\t\t\t\t\t\t<div class=\"elementor-container elementor-column-gap-no\">\n\t\t\t\t\t<div class=\"elementor-column elementor-col-100 elementor-top-column elementor-element elementor-element-97cb6f9\" data-id=\"97cb6f9\" data-element_type=\"column\" data-e-type=\"column\">\n\t\t\t<div class=\"elementor-widget-wrap elementor-element-populated\">\n\t\t\t\t\t\t<div class=\"elementor-element elementor-element-6997fa4 text-sus elementor-widget elementor-widget-heading\" data-id=\"6997fa4\" data-element_type=\"widget\" data-e-type=\"widget\" data-widget_type=\"heading.default\">\n\t\t\t\t<div class=\"elementor-widget-container\">\n\t\t\t\t\t<h2 class=\"elementor-heading-title elementor-size-default\">WISE.travel \u2013 From Travelers to Travelers\n<br><br>\nPrivacy Policy\n<\/br>\n<\/br>\n<\/h2>\t\t\t\t<\/div>\n\t\t\t\t<\/div>\n\t\t\t\t\t<\/div>\n\t\t<\/div>\n\t\t\t\t\t<\/div>\n\t\t<\/section>\n\t\t\t\t<section class=\"elementor-section elementor-top-section elementor-element elementor-element-a2a71aa elementor-section-full_width elementor-section-height-default elementor-section-height-default\" data-id=\"a2a71aa\" data-element_type=\"section\" data-e-type=\"section\">\n\t\t\t\t\t\t<div class=\"elementor-container elementor-column-gap-default\">\n\t\t\t\t\t<div class=\"elementor-column elementor-col-100 elementor-top-column elementor-element elementor-element-d8e94d4\" data-id=\"d8e94d4\" data-element_type=\"column\" data-e-type=\"column\">\n\t\t\t<div class=\"elementor-widget-wrap elementor-element-populated\">\n\t\t\t\t\t\t<div class=\"elementor-element elementor-element-29ccc0a elementor-widget elementor-widget-text-editor\" data-id=\"29ccc0a\" data-element_type=\"widget\" data-e-type=\"widget\" data-widget_type=\"text-editor.default\">\n\t\t\t\t<div class=\"elementor-widget-container\">\n\t\t\t\t\t\t\t\t\t<p>This policy governs the way in which we use and protect personal information we obtain from you when you use our website. If you have any questions about it, please contact us at <a href=\"mailto:support@WISE.travel\"><u>support@WISE.travel<\/u><\/a>\u00a0or call 0371780737 extension 7 before you start using this site.<br \/>This policy is effective as of November 1, 2021 and it may change at different intervals as we update our site. Therefore, we recommend that you visit this page frequently to ensure that you agree with any changes.<\/p><ol><li><strong><b> What information we collect?<\/b><\/strong><\/li><\/ol><p>You can generally use our website without submitting any information. However, in order to be able to demand an offer through our website, it will be necessary to provide some additional information when you create the user account or subscribe to our newsletter.<br \/>We may collect the following information: your name and contact information, including email address, telephone number and residential address.<\/p><ol start=\"2\"><li><strong><b> How do we protect your personal data?<\/b><\/strong><\/li><\/ol><p>WISE.TRAVEL S.R.L. will keep and process personal data that it collects and receives through this website. Users' personal data may be used by WISE.TRAVEL S.R.L. to promote, support or execute the commercial relationship between WISE.TRAVEL S.R.L and users.<\/p><p><br \/>Your personal data may be transmitted to competent authorities for the purpose of verifying commercial transactions or carrying out different verifications stipulated through on-going legislation.<br \/>The data provided by our customers is strictly confidential, our company using it only for business relations, in accordance to the contracts and arrangements concluded between WISE.TRAVEL S.R.L. and its customers. This site includes security measures against the loss, alteration or misuse of information under our control. WISE.TRAVEL S.R.L respects rights granted by Law 677\/2001. Based on your written request, it will rectify, update, block, delete or modify, free of charge, the data collected that are not mentioned in Law no. 677\/2001 on anonymous data, when it relates to the protection of personal data and the free movement of such data, or will stop processing your personal data.<\/p><p>WISE.TRAVEL S.R.L confirms that it will comply with the rights granted by Law 677\/2001 on the protection of individuals with regard to the processing of personal data and the free movement of such data with subsequent amendments, Law no. 365\/2002 regarding electronic commerce, Ordinance no. 130\/2000 on the legal regime of distance contracts. Below are some of these rights:<\/p><ul><li>The right to request WISE.TRAVEL S.R.L. to confirm whether or not personal data is being processed, free of charge for one request per year;<\/li><li>The right to request WISE.TRAVEL S.R.L. to rectify, update, block or delete, free of charge, the data provided for which the processing is not subject to those stipulated by Law no. 677\/2001;<\/li><li>The right to ask WISE.TRAVEL S.R.L to stop, free of charge, the processing of personal data. The right to ask WISE.TRAVEL S.R.L to stop sending promotional messages.<\/li><\/ul><p>Any such requests\/notifications shall be dated, signed and sent by the person registered in the database by email to <a href=\"mailto:support@WISE.travel\"><u>support@WISE.travel<\/u><\/a>We respect the rights of our users according to Articles 11 and 13 of Law 2472\/1996. WISE.TRAVEL S.R.L does not disclose or publish personal data of users.<\/p><ol start=\"3\"><li><strong><b> What do we do with the information collected?<\/b><\/strong><\/li><\/ol><p>We use this information in order to improve our services, particularly in order to:<\/p><ul><li>To answer the questions and various requests we recieve through this site;<\/li><li>To keep internal records;<\/li><li>To improve the content of the website;<\/li><li>To inform you about website updates;<\/li><li>To customize the content and\/or organization of information on the website for each individual user;<\/li><li>To be able to send you the newsletters you subscribed to;<\/li><li>To answer questions from the press about our activity;<\/li><\/ul><p>We can contact you by email, phone, etc., if you have not registered your preferences and contact details.<\/p><ol start=\"4\"><li><strong><b> Email marketing<\/b><\/strong><\/li><\/ol><p>Through these activities, we provide information about products that may be of interest.<br \/>When you provide us with personal information, we will ask you whether or not you want us to send you that information by email.<br \/>If you no longer wish to receive messages from our company, please contact us at <a href=\"mailto:support@WISE.travel\"><u>support@WISE.travel<\/u><\/a>.<\/p><ol start=\"5\"><li><strong><b> Who else receives this information?<\/b><\/strong><\/li><\/ol><p>We will not transfer, present, sell, distribute or lend your personal information to any third party, except when necessary for the reasons set out in the section \"What do we do with the information we collect?\" or where we have to present this information to authorities. Your information may also be disclosed to our authorized direct marketing department, unless you chose such information to not be disclosed.<\/p><ol start=\"6\"><li><strong><b> How can you view the information we have collected?<\/b><\/strong><\/li><\/ol><p>According to legislation in the field of data protection, customers may request details about their personal information. If you would like a copy of the information we keep about you, please contact our company's data protection officer at <a href=\"mailto:support@WISE.travel\"><u>support@WISE.travel<\/u><\/a>. <br \/>If you believe that any information we keep about you is incorrect or incomplete, please write or email us as soon as possible. We will correct or update that information as soon as possible.<\/p><ol start=\"7\"><li><strong><b> Security aspects<\/b><\/strong><\/li><\/ol><p>We are committed to ensuring the security of your information. To prevent unauthorized access to and disclosure of information about you, we have physical, electronic and management procedures in place to ensure the security of the information we collect online.<\/p><ol start=\"8\"><li><strong><b> Creating quick links<\/b><\/strong><\/li><\/ol><p>Our site may include quick links to other sites over which we have no control. Once you leave our site, our company cannot be held responsible for the protection of the information you provide. When you access other sites, please read the privacy statement regarding the information that those sites collect.<\/p><ol start=\"9\"><li><strong><b> Cookie applications<\/b><\/strong><\/li><\/ol><p>For certain sections of our website, we use \"cookie\" applications. These are files that store information in your computer or in your browser, in other words our website can recognize if you have ever visited that section before. In this way, it will be much easier to remember your preferences regarding our website, we can see how you use this website, we can adapt certain features to your preferences and we can find out how you use the website. Using the website www.WISE.travel means you agree to the use of \"cookie\" applications.<\/p><p>\u00a0<\/p>\t\t\t\t\t\t\t\t<\/div>\n\t\t\t\t<\/div>\n\t\t\t\t\t<\/div>\n\t\t<\/div>\n\t\t\t\t\t<\/div>\n\t\t<\/section>\n\t\t\t\t<\/div>","protected":false},"excerpt":{"rendered":"<p>WISE.travel \u2013 De la C\u0103l\u0103tori pentru C\u0103l\u0103tori Politic\u0103 de confiden\u021bialitate Aceast\u0103 politic\u0103 reglementeaz\u0103 modul \u00een care utiliz\u0103m \u0219i protej\u0103m orice informa\u021bie personal\u0103 pe care o ob\u021binem de la dumneavoastr\u0103 atunci c\u00e2nd utiliza\u021bi site-ul nostru. \u00cen cazul \u00een care ave\u021bi \u00eentreb\u0103ri referitoare la aceast\u0103 politic\u0103, v\u0103 rug\u0103m ca \u00eenainte de a \u00eencepe s\u0103 utiliza\u021bi acest site, [&#8230;]\n","protected":false},"author":1,"featured_media":0,"parent":0,"menu_order":0,"comment_status":"closed","ping_status":"closed","template":"","meta":{"inline_featured_image":false,"footnotes":""},"class_list":["post-1589","page","type-page","status-publish","hentry"],"yoast_head":"<!-- This site is optimized with the Yoast SEO plugin v27.5 - https:\/\/yoast.com\/product\/yoast-seo-wordpress\/ -->\n<title>Declara\u021bia de Confiden\u021bialitate - WISE.travel<\/title>\n<meta name=\"description\" content=\"C\u0103l\u0103torii premium, business &amp; leisure. Experien\u021be personalizate, f\u0103r\u0103 griji.\" \/>\n<meta name=\"robots\" content=\"index, follow, max-snippet:-1, max-image-preview:large, max-video-preview:-1\" \/>\n<link rel=\"canonical\" href=\"https:\/\/wise.travel\/en\/declaratia-de-confidentialitate\/\" \/>\n<meta property=\"og:locale\" content=\"en_US\" \/>\n<meta property=\"og:type\" content=\"article\" \/>\n<meta property=\"og:title\" content=\"Declara\u021bia de Confiden\u021bialitate - WISE.travel\" \/>\n<meta property=\"og:description\" content=\"C\u0103l\u0103torii premium, business &amp; leisure. Experien\u021be personalizate, f\u0103r\u0103 griji.\" \/>\n<meta property=\"og:url\" content=\"https:\/\/wise.travel\/en\/declaratia-de-confidentialitate\/\" \/>\n<meta property=\"og:site_name\" content=\"WISE.travel\" \/>\n<meta property=\"article:modified_time\" content=\"2021-11-03T15:10:57+00:00\" \/>\n<meta property=\"og:image\" content=\"https:\/\/wise.travel\/wp-content\/uploads\/2025\/09\/City-Break-uri-smart-Cum-iti-organizezi-singur-vacanta-de-2-3-zile-fara-stres-si-pierderi-de-timp.png\" \/>\n\t<meta property=\"og:image:width\" content=\"1020\" \/>\n\t<meta property=\"og:image:height\" content=\"560\" \/>\n\t<meta property=\"og:image:type\" content=\"image\/png\" \/>\n<meta name=\"twitter:card\" content=\"summary_large_image\" \/>\n<meta name=\"twitter:label1\" content=\"Est. reading time\" \/>\n\t<meta name=\"twitter:data1\" content=\"6 minutes\" \/>\n<script type=\"application\/ld+json\" class=\"yoast-schema-graph\">{\"@context\":\"https:\\\/\\\/schema.org\",\"@graph\":[{\"@type\":\"WebPage\",\"@id\":\"https:\\\/\\\/wise.travel\\\/declaratia-de-confidentialitate\\\/\",\"url\":\"https:\\\/\\\/wise.travel\\\/declaratia-de-confidentialitate\\\/\",\"name\":\"Declara\u021bia de Confiden\u021bialitate - WISE.travel\",\"isPartOf\":{\"@id\":\"https:\\\/\\\/wise.travel\\\/#website\"},\"datePublished\":\"2021-06-06T09:24:52+00:00\",\"dateModified\":\"2021-11-03T15:10:57+00:00\",\"description\":\"C\u0103l\u0103torii premium, business & leisure. Experien\u021be personalizate, f\u0103r\u0103 griji.\",\"breadcrumb\":{\"@id\":\"https:\\\/\\\/wise.travel\\\/declaratia-de-confidentialitate\\\/#breadcrumb\"},\"inLanguage\":\"en-US\",\"potentialAction\":[{\"@type\":\"ReadAction\",\"target\":[\"https:\\\/\\\/wise.travel\\\/declaratia-de-confidentialitate\\\/\"]}]},{\"@type\":\"BreadcrumbList\",\"@id\":\"https:\\\/\\\/wise.travel\\\/declaratia-de-confidentialitate\\\/#breadcrumb\",\"itemListElement\":[{\"@type\":\"ListItem\",\"position\":1,\"name\":\"Home\",\"item\":\"https:\\\/\\\/wise.travel\\\/\"},{\"@type\":\"ListItem\",\"position\":2,\"name\":\"Declara\u021bia de Confiden\u021bialitate\"}]},{\"@type\":\"WebSite\",\"@id\":\"https:\\\/\\\/wise.travel\\\/#website\",\"url\":\"https:\\\/\\\/wise.travel\\\/\",\"name\":\"WISE.travel\",\"description\":\"Agentie de turism\",\"potentialAction\":[{\"@type\":\"SearchAction\",\"target\":{\"@type\":\"EntryPoint\",\"urlTemplate\":\"https:\\\/\\\/wise.travel\\\/?s={search_term_string}\"},\"query-input\":{\"@type\":\"PropertyValueSpecification\",\"valueRequired\":true,\"valueName\":\"search_term_string\"}}],\"inLanguage\":\"en-US\"}]}<\/script>\n<!-- \/ Yoast SEO plugin. -->","yoast_head_json":{"title":"Declara\u021bia de Confiden\u021bialitate - WISE.travel","description":"C\u0103l\u0103torii premium, business & leisure. Experien\u021be personalizate, f\u0103r\u0103 griji.","robots":{"index":"index","follow":"follow","max-snippet":"max-snippet:-1","max-image-preview":"max-image-preview:large","max-video-preview":"max-video-preview:-1"},"canonical":"https:\/\/wise.travel\/en\/declaratia-de-confidentialitate\/","og_locale":"en_US","og_type":"article","og_title":"Declara\u021bia de Confiden\u021bialitate - WISE.travel","og_description":"C\u0103l\u0103torii premium, business & leisure. Experien\u021be personalizate, f\u0103r\u0103 griji.","og_url":"https:\/\/wise.travel\/en\/declaratia-de-confidentialitate\/","og_site_name":"WISE.travel","article_modified_time":"2021-11-03T15:10:57+00:00","og_image":[{"url":"https:\/\/wise.travel\/wp-content\/uploads\/2025\/09\/City-Break-uri-smart-Cum-iti-organizezi-singur-vacanta-de-2-3-zile-fara-stres-si-pierderi-de-timp.png","width":1020,"height":560,"type":"image\/png"}],"twitter_card":"summary_large_image","twitter_misc":{"Est. reading time":"6 minutes"},"schema":{"@context":"https:\/\/schema.org","@graph":[{"@type":"WebPage","@id":"https:\/\/wise.travel\/declaratia-de-confidentialitate\/","url":"https:\/\/wise.travel\/declaratia-de-confidentialitate\/","name":"Declara\u021bia de Confiden\u021bialitate - WISE.travel","isPartOf":{"@id":"https:\/\/wise.travel\/#website"},"datePublished":"2021-06-06T09:24:52+00:00","dateModified":"2021-11-03T15:10:57+00:00","description":"C\u0103l\u0103torii premium, business & leisure. Experien\u021be personalizate, f\u0103r\u0103 griji.","breadcrumb":{"@id":"https:\/\/wise.travel\/declaratia-de-confidentialitate\/#breadcrumb"},"inLanguage":"en-US","potentialAction":[{"@type":"ReadAction","target":["https:\/\/wise.travel\/declaratia-de-confidentialitate\/"]}]},{"@type":"BreadcrumbList","@id":"https:\/\/wise.travel\/declaratia-de-confidentialitate\/#breadcrumb","itemListElement":[{"@type":"ListItem","position":1,"name":"Home","item":"https:\/\/wise.travel\/"},{"@type":"ListItem","position":2,"name":"Declara\u021bia de Confiden\u021bialitate"}]},{"@type":"WebSite","@id":"https:\/\/wise.travel\/#website","url":"https:\/\/wise.travel\/","name":"WISE.travel","description":"Agentie de turism","potentialAction":[{"@type":"SearchAction","target":{"@type":"EntryPoint","urlTemplate":"https:\/\/wise.travel\/?s={search_term_string}"},"query-input":{"@type":"PropertyValueSpecification","valueRequired":true,"valueName":"search_term_string"}}],"inLanguage":"en-US"}]}},"_links":{"self":[{"href":"https:\/\/wise.travel\/en\/wp-json\/wp\/v2\/pages\/1589","targetHints":{"allow":["GET"]}}],"collection":[{"href":"https:\/\/wise.travel\/en\/wp-json\/wp\/v2\/pages"}],"about":[{"href":"https:\/\/wise.travel\/en\/wp-json\/wp\/v2\/types\/page"}],"author":[{"embeddable":true,"href":"https:\/\/wise.travel\/en\/wp-json\/wp\/v2\/users\/1"}],"replies":[{"embeddable":true,"href":"https:\/\/wise.travel\/en\/wp-json\/wp\/v2\/comments?post=1589"}],"version-history":[{"count":10,"href":"https:\/\/wise.travel\/en\/wp-json\/wp\/v2\/pages\/1589\/revisions"}],"predecessor-version":[{"id":2886,"href":"https:\/\/wise.travel\/en\/wp-json\/wp\/v2\/pages\/1589\/revisions\/2886"}],"wp:attachment":[{"href":"https:\/\/wise.travel\/en\/wp-json\/wp\/v2\/media?parent=1589"}],"curies":[{"name":"wp","href":"https:\/\/api.w.org\/{rel}","templated":true}]}}