{"id":1594,"date":"2021-06-06T13:25:55","date_gmt":"2021-06-06T09:25:55","guid":{"rendered":"https:\/\/wise.digitalgoal.ro\/?page_id=1594"},"modified":"2021-11-03T19:11:38","modified_gmt":"2021-11-03T15:11:38","slug":"termeni-si-conditii","status":"publish","type":"page","link":"https:\/\/wise.travel\/en\/termeni-si-conditii\/","title":{"rendered":"Terms and Conditions"},"content":{"rendered":"<div data-elementor-type=\"wp-page\" data-elementor-id=\"1594\" class=\"elementor elementor-1594\" data-elementor-post-type=\"page\">\n\t\t\t\t\t\t<section class=\"elementor-section elementor-top-section elementor-element elementor-element-df913f4 elementor-section-full_width elementor-section-stretched elementor-section-height-default elementor-section-height-default\" data-id=\"df913f4\" data-element_type=\"section\" data-e-type=\"section\" data-settings=\"{&quot;stretch_section&quot;:&quot;section-stretched&quot;,&quot;background_background&quot;:&quot;classic&quot;}\">\n\t\t\t\t\t\t\t<div class=\"elementor-background-overlay\"><\/div>\n\t\t\t\t\t\t\t<div class=\"elementor-container elementor-column-gap-no\">\n\t\t\t\t\t<div class=\"elementor-column elementor-col-100 elementor-top-column elementor-element elementor-element-97cb6f9\" data-id=\"97cb6f9\" data-element_type=\"column\" data-e-type=\"column\">\n\t\t\t<div class=\"elementor-widget-wrap elementor-element-populated\">\n\t\t\t\t\t\t<div class=\"elementor-element elementor-element-6997fa4 text-sus elementor-widget elementor-widget-heading\" data-id=\"6997fa4\" data-element_type=\"widget\" data-e-type=\"widget\" data-widget_type=\"heading.default\">\n\t\t\t\t<div class=\"elementor-widget-container\">\n\t\t\t\t\t<h2 class=\"elementor-heading-title elementor-size-default\">WISE.travel \u2013 From Travelers to Travelers\n<br><br>\nTerms and Conditions\n<\/br><\/br><\/h2>\t\t\t\t<\/div>\n\t\t\t\t<\/div>\n\t\t\t\t\t<\/div>\n\t\t<\/div>\n\t\t\t\t\t<\/div>\n\t\t<\/section>\n\t\t\t\t<section class=\"elementor-section elementor-top-section elementor-element elementor-element-a2a71aa elementor-section-full_width elementor-section-height-default elementor-section-height-default\" data-id=\"a2a71aa\" data-element_type=\"section\" data-e-type=\"section\">\n\t\t\t\t\t\t<div class=\"elementor-container elementor-column-gap-default\">\n\t\t\t\t\t<div class=\"elementor-column elementor-col-100 elementor-top-column elementor-element elementor-element-d8e94d4\" data-id=\"d8e94d4\" data-element_type=\"column\" data-e-type=\"column\">\n\t\t\t<div class=\"elementor-widget-wrap elementor-element-populated\">\n\t\t\t\t\t\t<div class=\"elementor-element elementor-element-29ccc0a elementor-widget elementor-widget-text-editor\" data-id=\"29ccc0a\" data-element_type=\"widget\" data-e-type=\"widget\" data-widget_type=\"text-editor.default\">\n\t\t\t\t<div class=\"elementor-widget-container\">\n\t\t\t\t\t\t\t\t\t<p>This site is own by WISE.TRAVEL S.R.L, with headquarters in no. 5, Bazinelor street, Uricani village, Miroslava commune, Iasi County, 707316, registered with the Trade Register under no. J22\/1617\/2017, CUI 37696204, hereinafter referred to as WISE.TRAVEL.<\/p><p>The user or customer is responsible for the activities arising from using the site and its contents and is liable for any material, intellectual or electronic or any other damage caused to the site and its content, to WISE.TRAVEL and any third parties with which WISE.TRAVEL has concluded contracts.<\/p><p>The contents (including but not limited to text, images, multimedia) of this site is the intellectual property of WISE.TRAVEL and other third parties with whom the company may or may not have concluded contracts. Intellectual property rights are recognized when they differ from WISE.TRAVEL.<\/p><p>The user or customer may copy, transfer or use contents of this site only for personal use and not for commercial use.<\/p><p><strong><b>WISE.TRAVEL<\/b><\/strong>\u00a0publishes full and correct identification and contact data on the website. By using the contact form or using any other means of contact, the user or client agrees to be contacted by WISE.TRAVEL to contact him by any means available.<\/p><p>The site and the information it contains can be accessed by electronic means. WISE.TRAVEL reserves the right not to respond to all requests, whatever their nature, expressed through the means of communication and the contact details presented on the site.<\/p><p>By completing the Newsletter registration form, the user or client expresses their agreement to receive commercial information from WISE.TRAVEL. The data collected will be used within the limits of the Privacy Policy.<\/p><p>The user or customer can choose to no longer receive the newsletter by using the unsubscribe link in the footer of each email sent. WISE.TRAVEL reserves the right to select the users and customers to whom it sends the newsletter and to remove any user from the database, even if they have agreed to receive commercial newsletters.<\/p><p>All users can access the online sales service. WISE.TRAVEL reserves the right to limit the user's access to this service based on previous behavior. The account created on the WISE.TRAVEL website is personal and cannot be passed on to third parties.<\/p><p>WISE.TRAVEL publishes on its website information about products, services, promotions and discounts practiced in a certain period and within the limit of available stock.<\/p><p>The information used in describing the products available on the site does not represent a contractual obligation, they are for presentation purposes.<\/p><p>WISE.TRAVEL reserves the right to change the prices of products available on the site without prior notice to the user or customer.<\/p>\t\t\t\t\t\t\t\t<\/div>\n\t\t\t\t<\/div>\n\t\t\t\t\t<\/div>\n\t\t<\/div>\n\t\t\t\t\t<\/div>\n\t\t<\/section>\n\t\t\t\t<\/div>","protected":false},"excerpt":{"rendered":"<p>WISE.travel \u2013 De la C\u0103l\u0103tori pentru C\u0103l\u0103tori Termeni \u0219i Condi\u021bii Site-ul de fa\u021b\u0103 este proprietatea WISE.TRAVEL S.R.L, cu sediul \u00een str Bazinelor nr.5, sat Uricani, com Miroslava, Uricani 707316, \u00eenregistrat\u0103 la Registrul Comer\u021bului sub nr. J22\/1617\/2017, CUI 37696204, denumit \u00een cele ce urmeaz\u0103 WISE.TRAVEL. Utilizatorul sau clientul este singurul responsabil pentru activita\u021bile ce decurg din [&#8230;]\n","protected":false},"author":1,"featured_media":0,"parent":0,"menu_order":0,"comment_status":"closed","ping_status":"closed","template":"","meta":{"inline_featured_image":false,"footnotes":""},"class_list":["post-1594","page","type-page","status-publish","hentry"],"yoast_head":"<!-- This site is optimized with the Yoast SEO plugin v27.5 - https:\/\/yoast.com\/product\/yoast-seo-wordpress\/ -->\n<title>Termeni \u0219i Condi\u021bii - WISE.travel<\/title>\n<meta name=\"description\" content=\"C\u0103l\u0103torii premium, business &amp; leisure. Experien\u021be personalizate, f\u0103r\u0103 griji.\" \/>\n<meta name=\"robots\" content=\"index, follow, max-snippet:-1, max-image-preview:large, max-video-preview:-1\" \/>\n<link rel=\"canonical\" href=\"https:\/\/wise.travel\/en\/termeni-si-conditii\/\" \/>\n<meta property=\"og:locale\" content=\"en_US\" \/>\n<meta property=\"og:type\" content=\"article\" \/>\n<meta property=\"og:title\" content=\"Termeni \u0219i Condi\u021bii - WISE.travel\" \/>\n<meta property=\"og:description\" content=\"C\u0103l\u0103torii premium, business &amp; leisure. Experien\u021be personalizate, f\u0103r\u0103 griji.\" \/>\n<meta property=\"og:url\" content=\"https:\/\/wise.travel\/en\/termeni-si-conditii\/\" \/>\n<meta property=\"og:site_name\" content=\"WISE.travel\" \/>\n<meta property=\"article:modified_time\" content=\"2021-11-03T15:11:38+00:00\" \/>\n<meta property=\"og:image\" content=\"https:\/\/wise.travel\/wp-content\/uploads\/2025\/09\/City-Break-uri-smart-Cum-iti-organizezi-singur-vacanta-de-2-3-zile-fara-stres-si-pierderi-de-timp.png\" \/>\n\t<meta property=\"og:image:width\" content=\"1020\" \/>\n\t<meta property=\"og:image:height\" content=\"560\" \/>\n\t<meta property=\"og:image:type\" content=\"image\/png\" \/>\n<meta name=\"twitter:card\" content=\"summary_large_image\" \/>\n<meta name=\"twitter:label1\" content=\"Est. reading time\" \/>\n\t<meta name=\"twitter:data1\" content=\"2 minutes\" \/>\n<script type=\"application\/ld+json\" class=\"yoast-schema-graph\">{\"@context\":\"https:\\\/\\\/schema.org\",\"@graph\":[{\"@type\":\"WebPage\",\"@id\":\"https:\\\/\\\/wise.travel\\\/termeni-si-conditii\\\/\",\"url\":\"https:\\\/\\\/wise.travel\\\/termeni-si-conditii\\\/\",\"name\":\"Termeni \u0219i Condi\u021bii - WISE.travel\",\"isPartOf\":{\"@id\":\"https:\\\/\\\/wise.travel\\\/#website\"},\"datePublished\":\"2021-06-06T09:25:55+00:00\",\"dateModified\":\"2021-11-03T15:11:38+00:00\",\"description\":\"C\u0103l\u0103torii premium, business & leisure. Experien\u021be personalizate, f\u0103r\u0103 griji.\",\"breadcrumb\":{\"@id\":\"https:\\\/\\\/wise.travel\\\/termeni-si-conditii\\\/#breadcrumb\"},\"inLanguage\":\"en-US\",\"potentialAction\":[{\"@type\":\"ReadAction\",\"target\":[\"https:\\\/\\\/wise.travel\\\/termeni-si-conditii\\\/\"]}]},{\"@type\":\"BreadcrumbList\",\"@id\":\"https:\\\/\\\/wise.travel\\\/termeni-si-conditii\\\/#breadcrumb\",\"itemListElement\":[{\"@type\":\"ListItem\",\"position\":1,\"name\":\"Home\",\"item\":\"https:\\\/\\\/wise.travel\\\/\"},{\"@type\":\"ListItem\",\"position\":2,\"name\":\"Termeni \u0219i Condi\u021bii\"}]},{\"@type\":\"WebSite\",\"@id\":\"https:\\\/\\\/wise.travel\\\/#website\",\"url\":\"https:\\\/\\\/wise.travel\\\/\",\"name\":\"WISE.travel\",\"description\":\"Agentie de turism\",\"potentialAction\":[{\"@type\":\"SearchAction\",\"target\":{\"@type\":\"EntryPoint\",\"urlTemplate\":\"https:\\\/\\\/wise.travel\\\/?s={search_term_string}\"},\"query-input\":{\"@type\":\"PropertyValueSpecification\",\"valueRequired\":true,\"valueName\":\"search_term_string\"}}],\"inLanguage\":\"en-US\"}]}<\/script>\n<!-- \/ Yoast SEO plugin. -->","yoast_head_json":{"title":"Termeni \u0219i Condi\u021bii - WISE.travel","description":"C\u0103l\u0103torii premium, business & leisure. Experien\u021be personalizate, f\u0103r\u0103 griji.","robots":{"index":"index","follow":"follow","max-snippet":"max-snippet:-1","max-image-preview":"max-image-preview:large","max-video-preview":"max-video-preview:-1"},"canonical":"https:\/\/wise.travel\/en\/termeni-si-conditii\/","og_locale":"en_US","og_type":"article","og_title":"Termeni \u0219i Condi\u021bii - WISE.travel","og_description":"C\u0103l\u0103torii premium, business & leisure. Experien\u021be personalizate, f\u0103r\u0103 griji.","og_url":"https:\/\/wise.travel\/en\/termeni-si-conditii\/","og_site_name":"WISE.travel","article_modified_time":"2021-11-03T15:11:38+00:00","og_image":[{"url":"https:\/\/wise.travel\/wp-content\/uploads\/2025\/09\/City-Break-uri-smart-Cum-iti-organizezi-singur-vacanta-de-2-3-zile-fara-stres-si-pierderi-de-timp.png","width":1020,"height":560,"type":"image\/png"}],"twitter_card":"summary_large_image","twitter_misc":{"Est. reading time":"2 minutes"},"schema":{"@context":"https:\/\/schema.org","@graph":[{"@type":"WebPage","@id":"https:\/\/wise.travel\/termeni-si-conditii\/","url":"https:\/\/wise.travel\/termeni-si-conditii\/","name":"Termeni \u0219i Condi\u021bii - WISE.travel","isPartOf":{"@id":"https:\/\/wise.travel\/#website"},"datePublished":"2021-06-06T09:25:55+00:00","dateModified":"2021-11-03T15:11:38+00:00","description":"C\u0103l\u0103torii premium, business & leisure. Experien\u021be personalizate, f\u0103r\u0103 griji.","breadcrumb":{"@id":"https:\/\/wise.travel\/termeni-si-conditii\/#breadcrumb"},"inLanguage":"en-US","potentialAction":[{"@type":"ReadAction","target":["https:\/\/wise.travel\/termeni-si-conditii\/"]}]},{"@type":"BreadcrumbList","@id":"https:\/\/wise.travel\/termeni-si-conditii\/#breadcrumb","itemListElement":[{"@type":"ListItem","position":1,"name":"Home","item":"https:\/\/wise.travel\/"},{"@type":"ListItem","position":2,"name":"Termeni \u0219i Condi\u021bii"}]},{"@type":"WebSite","@id":"https:\/\/wise.travel\/#website","url":"https:\/\/wise.travel\/","name":"WISE.travel","description":"Agentie de turism","potentialAction":[{"@type":"SearchAction","target":{"@type":"EntryPoint","urlTemplate":"https:\/\/wise.travel\/?s={search_term_string}"},"query-input":{"@type":"PropertyValueSpecification","valueRequired":true,"valueName":"search_term_string"}}],"inLanguage":"en-US"}]}},"_links":{"self":[{"href":"https:\/\/wise.travel\/en\/wp-json\/wp\/v2\/pages\/1594","targetHints":{"allow":["GET"]}}],"collection":[{"href":"https:\/\/wise.travel\/en\/wp-json\/wp\/v2\/pages"}],"about":[{"href":"https:\/\/wise.travel\/en\/wp-json\/wp\/v2\/types\/page"}],"author":[{"embeddable":true,"href":"https:\/\/wise.travel\/en\/wp-json\/wp\/v2\/users\/1"}],"replies":[{"embeddable":true,"href":"https:\/\/wise.travel\/en\/wp-json\/wp\/v2\/comments?post=1594"}],"version-history":[{"count":19,"href":"https:\/\/wise.travel\/en\/wp-json\/wp\/v2\/pages\/1594\/revisions"}],"predecessor-version":[{"id":2889,"href":"https:\/\/wise.travel\/en\/wp-json\/wp\/v2\/pages\/1594\/revisions\/2889"}],"wp:attachment":[{"href":"https:\/\/wise.travel\/en\/wp-json\/wp\/v2\/media?parent=1594"}],"curies":[{"name":"wp","href":"https:\/\/api.w.org\/{rel}","templated":true}]}}