{"id":2877,"date":"2021-11-03T19:06:57","date_gmt":"2021-11-03T15:06:57","guid":{"rendered":"https:\/\/wise.travel\/?page_id=2877"},"modified":"2021-11-03T19:06:57","modified_gmt":"2021-11-03T15:06:57","slug":"politica-cookies-en","status":"publish","type":"page","link":"https:\/\/wise.travel\/en\/politica-cookies-en\/","title":{"rendered":"Politic\u0103 Cookies EN"},"content":{"rendered":"\t\t<div data-elementor-type=\"wp-page\" data-elementor-id=\"2877\" class=\"elementor elementor-2877\" data-elementor-post-type=\"page\">\n\t\t\t\t\t\t<section class=\"elementor-section elementor-top-section elementor-element elementor-element-df913f4 elementor-section-full_width elementor-section-stretched elementor-section-height-default elementor-section-height-default\" data-id=\"df913f4\" data-element_type=\"section\" data-e-type=\"section\" data-settings=\"{&quot;stretch_section&quot;:&quot;section-stretched&quot;,&quot;background_background&quot;:&quot;classic&quot;}\">\n\t\t\t\t\t\t\t<div class=\"elementor-background-overlay\"><\/div>\n\t\t\t\t\t\t\t<div class=\"elementor-container elementor-column-gap-no\">\n\t\t\t\t\t<div class=\"elementor-column elementor-col-100 elementor-top-column elementor-element elementor-element-97cb6f9\" data-id=\"97cb6f9\" data-element_type=\"column\" data-e-type=\"column\">\n\t\t\t<div class=\"elementor-widget-wrap elementor-element-populated\">\n\t\t\t\t\t\t<div class=\"elementor-element elementor-element-6997fa4 text-sus elementor-widget elementor-widget-heading\" data-id=\"6997fa4\" data-element_type=\"widget\" data-e-type=\"widget\" data-widget_type=\"heading.default\">\n\t\t\t\t<div class=\"elementor-widget-container\">\n\t\t\t\t\t<h2 class=\"elementor-heading-title elementor-size-default\">Politic\u0103 Cookies<\/h2>\t\t\t\t<\/div>\n\t\t\t\t<\/div>\n\t\t\t\t\t<\/div>\n\t\t<\/div>\n\t\t\t\t\t<\/div>\n\t\t<\/section>\n\t\t\t\t<section class=\"elementor-section elementor-top-section elementor-element elementor-element-a2a71aa elementor-section-full_width elementor-section-height-default elementor-section-height-default\" data-id=\"a2a71aa\" data-element_type=\"section\" data-e-type=\"section\">\n\t\t\t\t\t\t<div class=\"elementor-container elementor-column-gap-default\">\n\t\t\t\t\t<div class=\"elementor-column elementor-col-100 elementor-top-column elementor-element elementor-element-d8e94d4\" data-id=\"d8e94d4\" data-element_type=\"column\" data-e-type=\"column\">\n\t\t\t<div class=\"elementor-widget-wrap elementor-element-populated\">\n\t\t\t\t\t\t<div class=\"elementor-element elementor-element-29ccc0a elementor-widget elementor-widget-text-editor\" data-id=\"29ccc0a\" data-element_type=\"widget\" data-e-type=\"widget\" data-widget_type=\"text-editor.default\">\n\t\t\t\t<div class=\"elementor-widget-container\">\n\t\t\t\t\t\t\t\t\t<p>Last modified: 28.03.2019<\/p><p><strong><u>Introduction<\/u><\/strong><\/p><p>This policy describes SC WISE TRAVEL SRL\u00a0(\u201c<strong>WISE<\/strong>\u201d, \u201c<strong>WISE.TRAVEL<\/strong>\u201d, \u201c<strong>Social Company<\/strong>\u201d, \u201c<strong>We<\/strong>\u201d or \u201c<strong>us<\/strong>\u201d) use of cookies on this or other Social Company websites.<\/p><p>By using or accessing our Websites, you agree to this cookie policy. This policy may change from time to time and your continued use of the Website is deemed to be acceptance of such changes, so please check the policy periodically for updates.<\/p><p><strong><u>Cookies<\/u><\/strong><\/p><p>We may obtain information about your general internet usage by using cookies. A cookie is a small file stored on the hard drive of your computer. Use of cookies helps us to improve our Website and to deliver a better and more personalized service by enabling us to:<\/p><ul><li>Estimate our audience size and usage patterns.<\/li><li>Store information about your preferences, allowing us to customize our Website according to your individual interests.<\/li><li>Speed up your searches.<\/li><li>Recognize you when you return to our Website.<\/li><li>Build heatmaps<\/li><\/ul><p>Cookies are generally safe, as they only identify your computer. Accepting a cookie does not provide access to your computer or any Personally Identifiable Information about you, other than the information you may choose to share. Other servers cannot read them, nor can they be used to deliver a virus.<\/p><p>Most browsers allow you to refuse to accept cookies by activating the appropriate browser settings. You can usually adjust browser settings to notify you of cookie placement, decline certain cookies, or block cookies completely.<\/p><p>However, if you select to block cookies completely you may be unable to access certain parts of our Website. Unless you have adjusted your browser setting so that it will refuse cookies, our system will issue cookies when you direct your browser to our Website.<\/p><p>You can learn more about cookies, including how to see what cookies have been set and how to manage and remove them, visit www.allaboutcookies.org<\/p><p><strong><u>Use of cookies by WISE<\/u><\/strong><\/p><p>Our platform sends\u00a0cookies to your computer&#8217;s hard drive to enhance your user experience. Cookies in use on our websites will expire after maximum\u00a0ten (10) days.<\/p><p>You may delete the cookies at any time from your browser if you want to remove the data WISE collects about your browsing<\/p><p><strong><u>Google Analytics Cookies<\/u><\/strong><\/p><p>Some of our sites\u00a0make use of Google Analytics to help us track usage statistics about visitors to our websites and provide a better experience.<\/p><p>For information about how to opt out of being tracked by Google Analytics visit: http:\/\/tools.google.com\/dlpage\/gaoptout<\/p><p><strong><u>Third Party Cookies<\/u><\/strong><\/p><p>This and other Company websites may use third-party features to enhance the user experience, for example, embedded video from YouTube. When you visit a page that contains third party or embedded content, you may receive cookies from those websites. WISE does not control the placement or functionality of these cookies.<\/p><p><strong><u>Contact Information<\/u><\/strong><\/p><p>If you have any questions about our cookies or this Cookies Policy, contact us at privacy[@]wise.com<\/p>\t\t\t\t\t\t\t\t<\/div>\n\t\t\t\t<\/div>\n\t\t\t\t\t<\/div>\n\t\t<\/div>\n\t\t\t\t\t<\/div>\n\t\t<\/section>\n\t\t\t\t<\/div>\n\t\t","protected":false},"excerpt":{"rendered":"<p>Politic\u0103 Cookies Last modified: 28.03.2019 Introduction This policy describes SC WISE TRAVEL SRL\u00a0(\u201cWISE\u201d, \u201cWISE.TRAVEL\u201d, \u201cSocial Company\u201d, \u201cWe\u201d or \u201cus\u201d) use of cookies on this or other Social Company websites. By using or accessing our Websites, you agree to this cookie policy. This policy may change from time to time and your continued use of the [&#8230;]\n","protected":false},"author":3,"featured_media":0,"parent":0,"menu_order":0,"comment_status":"closed","ping_status":"closed","template":"","meta":{"inline_featured_image":false,"footnotes":""},"class_list":["post-2877","page","type-page","status-publish","hentry"],"yoast_head":"<!-- This site is optimized with the Yoast SEO plugin v27.5 - https:\/\/yoast.com\/product\/yoast-seo-wordpress\/ -->\n<title>Politic\u0103 Cookies EN - WISE.travel<\/title>\n<meta name=\"description\" content=\"C\u0103l\u0103torii premium, business &amp; leisure. Experien\u021be personalizate, f\u0103r\u0103 griji.\" \/>\n<meta name=\"robots\" content=\"index, follow, max-snippet:-1, max-image-preview:large, max-video-preview:-1\" \/>\n<link rel=\"canonical\" href=\"https:\/\/wise.travel\/en\/politica-cookies-en\/\" \/>\n<meta property=\"og:locale\" content=\"en_US\" \/>\n<meta property=\"og:type\" content=\"article\" \/>\n<meta property=\"og:title\" content=\"Politic\u0103 Cookies EN - WISE.travel\" \/>\n<meta property=\"og:description\" content=\"C\u0103l\u0103torii premium, business &amp; leisure. Experien\u021be personalizate, f\u0103r\u0103 griji.\" \/>\n<meta property=\"og:url\" content=\"https:\/\/wise.travel\/en\/politica-cookies-en\/\" \/>\n<meta property=\"og:site_name\" content=\"WISE.travel\" \/>\n<meta property=\"og:image\" content=\"https:\/\/wise.travel\/wp-content\/uploads\/2025\/09\/City-Break-uri-smart-Cum-iti-organizezi-singur-vacanta-de-2-3-zile-fara-stres-si-pierderi-de-timp.png\" \/>\n\t<meta property=\"og:image:width\" content=\"1020\" \/>\n\t<meta property=\"og:image:height\" content=\"560\" \/>\n\t<meta property=\"og:image:type\" content=\"image\/png\" \/>\n<meta name=\"twitter:card\" content=\"summary_large_image\" \/>\n<meta name=\"twitter:label1\" content=\"Est. reading time\" \/>\n\t<meta name=\"twitter:data1\" content=\"3 minutes\" \/>\n<script type=\"application\/ld+json\" class=\"yoast-schema-graph\">{\"@context\":\"https:\\\/\\\/schema.org\",\"@graph\":[{\"@type\":\"WebPage\",\"@id\":\"https:\\\/\\\/wise.travel\\\/politica-cookies-en\\\/\",\"url\":\"https:\\\/\\\/wise.travel\\\/politica-cookies-en\\\/\",\"name\":\"Politic\u0103 Cookies EN - WISE.travel\",\"isPartOf\":{\"@id\":\"https:\\\/\\\/wise.travel\\\/#website\"},\"datePublished\":\"2021-11-03T15:06:57+00:00\",\"description\":\"C\u0103l\u0103torii premium, business & leisure. Experien\u021be personalizate, f\u0103r\u0103 griji.\",\"breadcrumb\":{\"@id\":\"https:\\\/\\\/wise.travel\\\/politica-cookies-en\\\/#breadcrumb\"},\"inLanguage\":\"en-US\",\"potentialAction\":[{\"@type\":\"ReadAction\",\"target\":[\"https:\\\/\\\/wise.travel\\\/politica-cookies-en\\\/\"]}]},{\"@type\":\"BreadcrumbList\",\"@id\":\"https:\\\/\\\/wise.travel\\\/politica-cookies-en\\\/#breadcrumb\",\"itemListElement\":[{\"@type\":\"ListItem\",\"position\":1,\"name\":\"Home\",\"item\":\"https:\\\/\\\/wise.travel\\\/\"},{\"@type\":\"ListItem\",\"position\":2,\"name\":\"Politic\u0103 Cookies EN\"}]},{\"@type\":\"WebSite\",\"@id\":\"https:\\\/\\\/wise.travel\\\/#website\",\"url\":\"https:\\\/\\\/wise.travel\\\/\",\"name\":\"WISE.travel\",\"description\":\"Agentie de turism\",\"potentialAction\":[{\"@type\":\"SearchAction\",\"target\":{\"@type\":\"EntryPoint\",\"urlTemplate\":\"https:\\\/\\\/wise.travel\\\/?s={search_term_string}\"},\"query-input\":{\"@type\":\"PropertyValueSpecification\",\"valueRequired\":true,\"valueName\":\"search_term_string\"}}],\"inLanguage\":\"en-US\"}]}<\/script>\n<!-- \/ Yoast SEO plugin. -->","yoast_head_json":{"title":"Politic\u0103 Cookies EN - WISE.travel","description":"C\u0103l\u0103torii premium, business & leisure. Experien\u021be personalizate, f\u0103r\u0103 griji.","robots":{"index":"index","follow":"follow","max-snippet":"max-snippet:-1","max-image-preview":"max-image-preview:large","max-video-preview":"max-video-preview:-1"},"canonical":"https:\/\/wise.travel\/en\/politica-cookies-en\/","og_locale":"en_US","og_type":"article","og_title":"Politic\u0103 Cookies EN - WISE.travel","og_description":"C\u0103l\u0103torii premium, business & leisure. Experien\u021be personalizate, f\u0103r\u0103 griji.","og_url":"https:\/\/wise.travel\/en\/politica-cookies-en\/","og_site_name":"WISE.travel","og_image":[{"url":"https:\/\/wise.travel\/wp-content\/uploads\/2025\/09\/City-Break-uri-smart-Cum-iti-organizezi-singur-vacanta-de-2-3-zile-fara-stres-si-pierderi-de-timp.png","width":1020,"height":560,"type":"image\/png"}],"twitter_card":"summary_large_image","twitter_misc":{"Est. reading time":"3 minutes"},"schema":{"@context":"https:\/\/schema.org","@graph":[{"@type":"WebPage","@id":"https:\/\/wise.travel\/politica-cookies-en\/","url":"https:\/\/wise.travel\/politica-cookies-en\/","name":"Politic\u0103 Cookies EN - WISE.travel","isPartOf":{"@id":"https:\/\/wise.travel\/#website"},"datePublished":"2021-11-03T15:06:57+00:00","description":"C\u0103l\u0103torii premium, business & leisure. Experien\u021be personalizate, f\u0103r\u0103 griji.","breadcrumb":{"@id":"https:\/\/wise.travel\/politica-cookies-en\/#breadcrumb"},"inLanguage":"en-US","potentialAction":[{"@type":"ReadAction","target":["https:\/\/wise.travel\/politica-cookies-en\/"]}]},{"@type":"BreadcrumbList","@id":"https:\/\/wise.travel\/politica-cookies-en\/#breadcrumb","itemListElement":[{"@type":"ListItem","position":1,"name":"Home","item":"https:\/\/wise.travel\/"},{"@type":"ListItem","position":2,"name":"Politic\u0103 Cookies EN"}]},{"@type":"WebSite","@id":"https:\/\/wise.travel\/#website","url":"https:\/\/wise.travel\/","name":"WISE.travel","description":"Agentie de turism","potentialAction":[{"@type":"SearchAction","target":{"@type":"EntryPoint","urlTemplate":"https:\/\/wise.travel\/?s={search_term_string}"},"query-input":{"@type":"PropertyValueSpecification","valueRequired":true,"valueName":"search_term_string"}}],"inLanguage":"en-US"}]}},"_links":{"self":[{"href":"https:\/\/wise.travel\/en\/wp-json\/wp\/v2\/pages\/2877","targetHints":{"allow":["GET"]}}],"collection":[{"href":"https:\/\/wise.travel\/en\/wp-json\/wp\/v2\/pages"}],"about":[{"href":"https:\/\/wise.travel\/en\/wp-json\/wp\/v2\/types\/page"}],"author":[{"embeddable":true,"href":"https:\/\/wise.travel\/en\/wp-json\/wp\/v2\/users\/3"}],"replies":[{"embeddable":true,"href":"https:\/\/wise.travel\/en\/wp-json\/wp\/v2\/comments?post=2877"}],"version-history":[{"count":1,"href":"https:\/\/wise.travel\/en\/wp-json\/wp\/v2\/pages\/2877\/revisions"}],"predecessor-version":[{"id":2878,"href":"https:\/\/wise.travel\/en\/wp-json\/wp\/v2\/pages\/2877\/revisions\/2878"}],"wp:attachment":[{"href":"https:\/\/wise.travel\/en\/wp-json\/wp\/v2\/media?parent=2877"}],"curies":[{"name":"wp","href":"https:\/\/api.w.org\/{rel}","templated":true}]}}