{"id":3107,"date":"2022-01-18T17:45:32","date_gmt":"2022-01-18T13:45:32","guid":{"rendered":"https:\/\/wise.travel\/?page_id=3107"},"modified":"2022-01-18T17:56:31","modified_gmt":"2022-01-18T13:56:31","slug":"solicitare-oferta","status":"publish","type":"page","link":"https:\/\/wise.travel\/en\/solicitare-oferta\/","title":{"rendered":"Solicitare oferta"},"content":{"rendered":"<div data-elementor-type=\"wp-page\" data-elementor-id=\"3107\" class=\"elementor elementor-3107\" data-elementor-post-type=\"page\">\n\t\t\t\t\t\t<section class=\"elementor-section elementor-top-section elementor-element elementor-element-df913f4 elementor-section-full_width elementor-section-stretched elementor-section-height-default elementor-section-height-default\" data-id=\"df913f4\" data-element_type=\"section\" data-e-type=\"section\" data-settings=\"{&quot;stretch_section&quot;:&quot;section-stretched&quot;,&quot;background_background&quot;:&quot;classic&quot;}\">\n\t\t\t\t\t\t\t<div class=\"elementor-background-overlay\"><\/div>\n\t\t\t\t\t\t\t<div class=\"elementor-container elementor-column-gap-no\">\n\t\t\t\t\t<div class=\"elementor-column elementor-col-100 elementor-top-column elementor-element elementor-element-97cb6f9\" data-id=\"97cb6f9\" data-element_type=\"column\" data-e-type=\"column\">\n\t\t\t<div class=\"elementor-widget-wrap elementor-element-populated\">\n\t\t\t\t\t\t<div class=\"elementor-element elementor-element-6997fa4 text-sus elementor-widget elementor-widget-heading\" data-id=\"6997fa4\" data-element_type=\"widget\" data-e-type=\"widget\" data-widget_type=\"heading.default\">\n\t\t\t\t<div class=\"elementor-widget-container\">\n\t\t\t\t\t<h2 class=\"elementor-heading-title elementor-size-default\">Mul\u021bumim!<\/h2>\t\t\t\t<\/div>\n\t\t\t\t<\/div>\n\t\t\t\t<div class=\"elementor-element elementor-element-61940e4 text-sus elementor-widget elementor-widget-heading\" data-id=\"61940e4\" data-element_type=\"widget\" data-e-type=\"widget\" data-widget_type=\"heading.default\">\n\t\t\t\t<div class=\"elementor-widget-container\">\n\t\t\t\t\t<p class=\"elementor-heading-title elementor-size-default\">Solicitarea ta a fost trimis\u0103 cu succes!<\/p>\t\t\t\t<\/div>\n\t\t\t\t<\/div>\n\t\t\t\t\t<\/div>\n\t\t<\/div>\n\t\t\t\t\t<\/div>\n\t\t<\/section>\n\t\t\t\t<section class=\"elementor-section elementor-top-section elementor-element elementor-element-d675380 elementor-section-full_width elementor-section-height-default elementor-section-height-default\" data-id=\"d675380\" data-element_type=\"section\" data-e-type=\"section\">\n\t\t\t\t\t\t<div class=\"elementor-container elementor-column-gap-default\">\n\t\t\t\t\t<div class=\"elementor-column elementor-col-100 elementor-top-column elementor-element elementor-element-da5fe24\" data-id=\"da5fe24\" data-element_type=\"column\" data-e-type=\"column\">\n\t\t\t<div class=\"elementor-widget-wrap elementor-element-populated\">\n\t\t\t\t\t\t<div class=\"elementor-element elementor-element-7cf80c0 elementor-widget elementor-widget-text-editor\" data-id=\"7cf80c0\" data-element_type=\"widget\" data-e-type=\"widget\" data-widget_type=\"text-editor.default\">\n\t\t\t\t<div class=\"elementor-widget-container\">\n\t\t\t\t\t\t\t\t\tUn consultant WISE te va contacta \u00een cel mai scut timp pentru a stabili urm\u0103torul pas.\t\t\t\t\t\t\t\t<\/div>\n\t\t\t\t<\/div>\n\t\t\t\t\t<\/div>\n\t\t<\/div>\n\t\t\t\t\t<\/div>\n\t\t<\/section>\n\t\t\t\t<section class=\"elementor-section elementor-top-section elementor-element elementor-element-c570c2b elementor-section-boxed elementor-section-height-default elementor-section-height-default\" data-id=\"c570c2b\" data-element_type=\"section\" data-e-type=\"section\">\n\t\t\t\t\t\t<div class=\"elementor-container elementor-column-gap-default\">\n\t\t\t\t\t<div class=\"elementor-column elementor-col-100 elementor-top-column elementor-element elementor-element-ba24e21\" data-id=\"ba24e21\" data-element_type=\"column\" data-e-type=\"column\">\n\t\t\t<div class=\"elementor-widget-wrap elementor-element-populated\">\n\t\t\t\t\t\t<div class=\"elementor-element elementor-element-de07294 elementor-align-center elementor-widget elementor-widget-button\" data-id=\"de07294\" data-element_type=\"widget\" data-e-type=\"widget\" data-widget_type=\"button.default\">\n\t\t\t\t<div class=\"elementor-widget-container\">\n\t\t\t\t\t\t\t\t\t<div class=\"elementor-button-wrapper\">\n\t\t\t\t\t<a class=\"elementor-button elementor-button-link elementor-size-sm\" href=\"https:\/\/wise.travel\/en\/\">\n\t\t\t\t\t\t<span class=\"elementor-button-content-wrapper\">\n\t\t\t\t\t\t\t\t\t<span class=\"elementor-button-text\">\u00cenapoi la wise.travel<\/span>\n\t\t\t\t\t<\/span>\n\t\t\t\t\t<\/a>\n\t\t\t\t<\/div>\n\t\t\t\t\t\t\t\t<\/div>\n\t\t\t\t<\/div>\n\t\t\t\t\t<\/div>\n\t\t<\/div>\n\t\t\t\t\t<\/div>\n\t\t<\/section>\n\t\t\t\t<\/div>","protected":false},"excerpt":{"rendered":"<p>Mul\u021bumim! Solicitarea ta a fost trimis\u0103 cu succes! Un consultant WISE te va contacta \u00een cel mai scut timp pentru a stabili urm\u0103torul pas. \u00cenapoi la wise.travel<\/p>","protected":false},"author":1,"featured_media":0,"parent":0,"menu_order":0,"comment_status":"closed","ping_status":"closed","template":"","meta":{"inline_featured_image":false,"footnotes":""},"class_list":["post-3107","page","type-page","status-publish","hentry"],"yoast_head":"<!-- This site is optimized with the Yoast SEO plugin v27.5 - https:\/\/yoast.com\/product\/yoast-seo-wordpress\/ -->\n<title>Solicitare oferta - WISE.travel<\/title>\n<meta name=\"description\" content=\"C\u0103l\u0103torii premium, business &amp; leisure. Experien\u021be personalizate, f\u0103r\u0103 griji.\" \/>\n<meta name=\"robots\" content=\"index, follow, max-snippet:-1, max-image-preview:large, max-video-preview:-1\" \/>\n<link rel=\"canonical\" href=\"https:\/\/wise.travel\/en\/solicitare-oferta\/\" \/>\n<meta property=\"og:locale\" content=\"en_US\" \/>\n<meta property=\"og:type\" content=\"article\" \/>\n<meta property=\"og:title\" content=\"Solicitare oferta - WISE.travel\" \/>\n<meta property=\"og:description\" content=\"C\u0103l\u0103torii premium, business &amp; leisure. Experien\u021be personalizate, f\u0103r\u0103 griji.\" \/>\n<meta property=\"og:url\" content=\"https:\/\/wise.travel\/en\/solicitare-oferta\/\" \/>\n<meta property=\"og:site_name\" content=\"WISE.travel\" \/>\n<meta property=\"article:modified_time\" content=\"2022-01-18T13:56:31+00:00\" \/>\n<meta property=\"og:image\" content=\"https:\/\/wise.travel\/wp-content\/uploads\/2025\/09\/City-Break-uri-smart-Cum-iti-organizezi-singur-vacanta-de-2-3-zile-fara-stres-si-pierderi-de-timp.png\" \/>\n\t<meta property=\"og:image:width\" content=\"1020\" \/>\n\t<meta property=\"og:image:height\" content=\"560\" \/>\n\t<meta property=\"og:image:type\" content=\"image\/png\" \/>\n<meta name=\"twitter:card\" content=\"summary_large_image\" \/>\n<meta name=\"twitter:label1\" content=\"Est. reading time\" \/>\n\t<meta name=\"twitter:data1\" content=\"1 minute\" \/>\n<script type=\"application\/ld+json\" class=\"yoast-schema-graph\">{\"@context\":\"https:\\\/\\\/schema.org\",\"@graph\":[{\"@type\":\"WebPage\",\"@id\":\"https:\\\/\\\/wise.travel\\\/solicitare-oferta\\\/\",\"url\":\"https:\\\/\\\/wise.travel\\\/solicitare-oferta\\\/\",\"name\":\"Solicitare oferta - WISE.travel\",\"isPartOf\":{\"@id\":\"https:\\\/\\\/wise.travel\\\/#website\"},\"datePublished\":\"2022-01-18T13:45:32+00:00\",\"dateModified\":\"2022-01-18T13:56:31+00:00\",\"description\":\"C\u0103l\u0103torii premium, business & leisure. Experien\u021be personalizate, f\u0103r\u0103 griji.\",\"breadcrumb\":{\"@id\":\"https:\\\/\\\/wise.travel\\\/solicitare-oferta\\\/#breadcrumb\"},\"inLanguage\":\"en-US\",\"potentialAction\":[{\"@type\":\"ReadAction\",\"target\":[\"https:\\\/\\\/wise.travel\\\/solicitare-oferta\\\/\"]}]},{\"@type\":\"BreadcrumbList\",\"@id\":\"https:\\\/\\\/wise.travel\\\/solicitare-oferta\\\/#breadcrumb\",\"itemListElement\":[{\"@type\":\"ListItem\",\"position\":1,\"name\":\"Home\",\"item\":\"https:\\\/\\\/wise.travel\\\/\"},{\"@type\":\"ListItem\",\"position\":2,\"name\":\"Solicitare oferta\"}]},{\"@type\":\"WebSite\",\"@id\":\"https:\\\/\\\/wise.travel\\\/#website\",\"url\":\"https:\\\/\\\/wise.travel\\\/\",\"name\":\"WISE.travel\",\"description\":\"Agentie de turism\",\"potentialAction\":[{\"@type\":\"SearchAction\",\"target\":{\"@type\":\"EntryPoint\",\"urlTemplate\":\"https:\\\/\\\/wise.travel\\\/?s={search_term_string}\"},\"query-input\":{\"@type\":\"PropertyValueSpecification\",\"valueRequired\":true,\"valueName\":\"search_term_string\"}}],\"inLanguage\":\"en-US\"}]}<\/script>\n<!-- \/ Yoast SEO plugin. -->","yoast_head_json":{"title":"Solicitare oferta - WISE.travel","description":"C\u0103l\u0103torii premium, business & leisure. Experien\u021be personalizate, f\u0103r\u0103 griji.","robots":{"index":"index","follow":"follow","max-snippet":"max-snippet:-1","max-image-preview":"max-image-preview:large","max-video-preview":"max-video-preview:-1"},"canonical":"https:\/\/wise.travel\/en\/solicitare-oferta\/","og_locale":"en_US","og_type":"article","og_title":"Solicitare oferta - WISE.travel","og_description":"C\u0103l\u0103torii premium, business & leisure. Experien\u021be personalizate, f\u0103r\u0103 griji.","og_url":"https:\/\/wise.travel\/en\/solicitare-oferta\/","og_site_name":"WISE.travel","article_modified_time":"2022-01-18T13:56:31+00:00","og_image":[{"url":"https:\/\/wise.travel\/wp-content\/uploads\/2025\/09\/City-Break-uri-smart-Cum-iti-organizezi-singur-vacanta-de-2-3-zile-fara-stres-si-pierderi-de-timp.png","width":1020,"height":560,"type":"image\/png"}],"twitter_card":"summary_large_image","twitter_misc":{"Est. reading time":"1 minute"},"schema":{"@context":"https:\/\/schema.org","@graph":[{"@type":"WebPage","@id":"https:\/\/wise.travel\/solicitare-oferta\/","url":"https:\/\/wise.travel\/solicitare-oferta\/","name":"Solicitare oferta - WISE.travel","isPartOf":{"@id":"https:\/\/wise.travel\/#website"},"datePublished":"2022-01-18T13:45:32+00:00","dateModified":"2022-01-18T13:56:31+00:00","description":"C\u0103l\u0103torii premium, business & leisure. Experien\u021be personalizate, f\u0103r\u0103 griji.","breadcrumb":{"@id":"https:\/\/wise.travel\/solicitare-oferta\/#breadcrumb"},"inLanguage":"en-US","potentialAction":[{"@type":"ReadAction","target":["https:\/\/wise.travel\/solicitare-oferta\/"]}]},{"@type":"BreadcrumbList","@id":"https:\/\/wise.travel\/solicitare-oferta\/#breadcrumb","itemListElement":[{"@type":"ListItem","position":1,"name":"Home","item":"https:\/\/wise.travel\/"},{"@type":"ListItem","position":2,"name":"Solicitare oferta"}]},{"@type":"WebSite","@id":"https:\/\/wise.travel\/#website","url":"https:\/\/wise.travel\/","name":"WISE.travel","description":"Agentie de turism","potentialAction":[{"@type":"SearchAction","target":{"@type":"EntryPoint","urlTemplate":"https:\/\/wise.travel\/?s={search_term_string}"},"query-input":{"@type":"PropertyValueSpecification","valueRequired":true,"valueName":"search_term_string"}}],"inLanguage":"en-US"}]}},"_links":{"self":[{"href":"https:\/\/wise.travel\/en\/wp-json\/wp\/v2\/pages\/3107","targetHints":{"allow":["GET"]}}],"collection":[{"href":"https:\/\/wise.travel\/en\/wp-json\/wp\/v2\/pages"}],"about":[{"href":"https:\/\/wise.travel\/en\/wp-json\/wp\/v2\/types\/page"}],"author":[{"embeddable":true,"href":"https:\/\/wise.travel\/en\/wp-json\/wp\/v2\/users\/1"}],"replies":[{"embeddable":true,"href":"https:\/\/wise.travel\/en\/wp-json\/wp\/v2\/comments?post=3107"}],"version-history":[{"count":7,"href":"https:\/\/wise.travel\/en\/wp-json\/wp\/v2\/pages\/3107\/revisions"}],"predecessor-version":[{"id":3115,"href":"https:\/\/wise.travel\/en\/wp-json\/wp\/v2\/pages\/3107\/revisions\/3115"}],"wp:attachment":[{"href":"https:\/\/wise.travel\/en\/wp-json\/wp\/v2\/media?parent=3107"}],"curies":[{"name":"wp","href":"https:\/\/api.w.org\/{rel}","templated":true}]}}