{"id":5315,"date":"2024-07-08T19:12:54","date_gmt":"2024-07-08T15:12:54","guid":{"rendered":"https:\/\/wise.travel\/?page_id=5315"},"modified":"2025-05-08T13:08:19","modified_gmt":"2025-05-08T09:08:19","slug":"despre-noi","status":"publish","type":"page","link":"https:\/\/wise.travel\/en\/despre-noi\/","title":{"rendered":"About Us"},"content":{"rendered":"<div data-elementor-type=\"wp-page\" data-elementor-id=\"5315\" class=\"elementor elementor-5315\" data-elementor-post-type=\"page\">\n\t\t\t\t\t\t<section class=\"elementor-section elementor-top-section elementor-element elementor-element-2a78e3e elementor-section-full_width elementor-section-height-min-height elementor-section-height-default elementor-section-items-middle\" data-id=\"2a78e3e\" data-element_type=\"section\" data-e-type=\"section\" data-settings=\"{&quot;background_background&quot;:&quot;classic&quot;}\">\n\t\t\t\t\t\t\t<div class=\"elementor-background-overlay\"><\/div>\n\t\t\t\t\t\t\t<div class=\"elementor-container elementor-column-gap-default\">\n\t\t\t\t\t<div class=\"elementor-column elementor-col-100 elementor-top-column elementor-element elementor-element-fa120a5\" data-id=\"fa120a5\" data-element_type=\"column\" data-e-type=\"column\">\n\t\t\t<div class=\"elementor-widget-wrap elementor-element-populated\">\n\t\t\t\t\t\t<div class=\"elementor-element elementor-element-1b9f0ab elementor-widget elementor-widget-heading\" data-id=\"1b9f0ab\" data-element_type=\"widget\" data-e-type=\"widget\" data-widget_type=\"heading.default\">\n\t\t\t\t<div class=\"elementor-widget-container\">\n\t\t\t\t\t<h1 class=\"elementor-heading-title elementor-size-default\">About Us<\/h1>\t\t\t\t<\/div>\n\t\t\t\t<\/div>\n\t\t\t\t\t<\/div>\n\t\t<\/div>\n\t\t\t\t\t<\/div>\n\t\t<\/section>\n\t\t\t\t<section class=\"elementor-section elementor-top-section elementor-element elementor-element-f81c60b elementor-section-boxed elementor-section-height-default elementor-section-height-default\" data-id=\"f81c60b\" data-element_type=\"section\" data-e-type=\"section\">\n\t\t\t\t\t\t<div class=\"elementor-container elementor-column-gap-default\">\n\t\t\t\t\t<div class=\"elementor-column elementor-col-50 elementor-top-column elementor-element elementor-element-7f12ff0\" data-id=\"7f12ff0\" data-element_type=\"column\" data-e-type=\"column\">\n\t\t\t<div class=\"elementor-widget-wrap elementor-element-populated\">\n\t\t\t\t\t\t<div class=\"elementor-element elementor-element-dbda065 elementor-widget elementor-widget-text-editor\" data-id=\"dbda065\" data-element_type=\"widget\" data-e-type=\"widget\" data-widget_type=\"text-editor.default\">\n\t\t\t\t<div class=\"elementor-widget-container\">\n\t\t\t\t\t\t\t\t\t<p><strong>WISE.travel<\/strong> is part of the <strong>ADV Romania Group<\/strong>, one of the largest social enterprises in Romania, and a promoter of the social economy in Romania, the Republic of Moldova and Ukraine.<\/p><p><strong>WISE.travel<\/strong> was established in 2016 as a social enterprise tour operator. It fully reinvests the profit to support the activities of the \"Youth Club\", a day center established by the ADV Romania Foundation, whose services are accessed by approximately 60 children and young people with disabilities and from vulnerable groups in Ia\u0219i County.<\/p><p><strong>WISE.travel<\/strong> specializes in VIP and corporate travel. WISE agents have over ten years of experience in the field. A year after its establishment, WISE became one of the biggest partners of TUI Germania in Romania!<\/p><p><strong>WISE.travel<\/strong> is a tour operating agency with a travel broker profile, which offers the best guaranteed price in over 98% of cases. At WISE.travel, a dedicated team of travel brokers is waiting to help you plan your travels.<\/p>\t\t\t\t\t\t\t\t<\/div>\n\t\t\t\t<\/div>\n\t\t\t\t\t<\/div>\n\t\t<\/div>\n\t\t\t\t<div class=\"elementor-column elementor-col-50 elementor-top-column elementor-element elementor-element-26085f8\" data-id=\"26085f8\" data-element_type=\"column\" data-e-type=\"column\">\n\t\t\t<div class=\"elementor-widget-wrap elementor-element-populated\">\n\t\t\t\t\t\t<div class=\"elementor-element elementor-element-4e98ad5 elementor-widget elementor-widget-video\" data-id=\"4e98ad5\" data-element_type=\"widget\" data-e-type=\"widget\" data-settings=\"{&quot;youtube_url&quot;:&quot;https:\\\/\\\/youtu.be\\\/bsLQC55V_JE&quot;,&quot;video_type&quot;:&quot;youtube&quot;,&quot;controls&quot;:&quot;yes&quot;}\" data-widget_type=\"video.default\">\n\t\t\t\t<div class=\"elementor-widget-container\">\n\t\t\t\t\t\t\t<div class=\"elementor-wrapper elementor-open-inline\">\n\t\t\t<div class=\"elementor-video\"><\/div>\t\t<\/div>\n\t\t\t\t\t\t<\/div>\n\t\t\t\t<\/div>\n\t\t\t\t<section class=\"elementor-section elementor-inner-section elementor-element elementor-element-a4094b8 elementor-section-boxed elementor-section-height-default elementor-section-height-default\" data-id=\"a4094b8\" data-element_type=\"section\" data-e-type=\"section\">\n\t\t\t\t\t\t<div class=\"elementor-container elementor-column-gap-default\">\n\t\t\t\t\t\t<\/div>\n\t\t<\/section>\n\t\t\t\t\t<\/div>\n\t\t<\/div>\n\t\t\t\t\t<\/div>\n\t\t<\/section>\n\t\t\t\t<section class=\"elementor-section elementor-top-section elementor-element elementor-element-96643ff elementor-section-boxed elementor-section-height-default elementor-section-height-default\" data-id=\"96643ff\" data-element_type=\"section\" data-e-type=\"section\" data-settings=\"{&quot;background_background&quot;:&quot;classic&quot;}\">\n\t\t\t\t\t\t<div class=\"elementor-container elementor-column-gap-default\">\n\t\t\t\t\t<div class=\"elementor-column elementor-col-100 elementor-top-column elementor-element elementor-element-7954640\" data-id=\"7954640\" data-element_type=\"column\" data-e-type=\"column\">\n\t\t\t<div class=\"elementor-widget-wrap elementor-element-populated\">\n\t\t\t\t\t\t<div class=\"elementor-element elementor-element-72392c9 elementor-widget elementor-widget-text-editor\" data-id=\"72392c9\" data-element_type=\"widget\" data-e-type=\"widget\" data-widget_type=\"text-editor.default\">\n\t\t\t\t<div class=\"elementor-widget-container\">\n\t\t\t\t\t\t\t\t\t<p>Starting in 2022, WISE.travel became the first travel broker in Europe.<\/p>\t\t\t\t\t\t\t\t<\/div>\n\t\t\t\t<\/div>\n\t\t\t\t<div class=\"elementor-element elementor-element-ea1cdc9 elementor-widget elementor-widget-text-editor\" data-id=\"ea1cdc9\" data-element_type=\"widget\" data-e-type=\"widget\" data-widget_type=\"text-editor.default\">\n\t\t\t\t<div class=\"elementor-widget-container\">\n\t\t\t\t\t\t\t\t\t<p>Among the benefits offered by working with WISE.travel are: planning vacations and business trips with minimum time, effort and resources; personalized offers in accordance to preferences and budget; good prices; specialized advice, assistance and support<a href=\"https:\/\/wise.travel\/en\/planifica-ti-vacantele-de-vis-cu-ajutorul-unui-travel-broker\/\"><span style=\"color: #ffff00;\">Learn more about the advantages of working with a travel broker!<\/span><\/a>).<\/p><p>Our mission statement is <strong>\u201cDo good travelling\u201d<\/strong> directly contributing to multiplying good in the community!<\/p><p class=\"translation-block\">In 2016, ADV Romania, the founder of WISE.travel, received the <strong>\u201cSocial Entrepreneur of the Year\u201d<\/strong> Award in the Ernst &amp; Young Entrepreneur of The Year international competition. In 2021, ADV Romania was a finalist in the <strong>\u201dSocial Economy Award 2021\u201d \u2013 Social Economy section.<\/strong><\/p><p>We invite you to discover the social impact generated by the ADV Romania group and to be a part of our story through the responsible procurement you can make from WISE.travel!<\/p>\t\t\t\t\t\t\t\t<\/div>\n\t\t\t\t<\/div>\n\t\t\t\t\t<\/div>\n\t\t<\/div>\n\t\t\t\t\t<\/div>\n\t\t<\/section>\n\t\t\t\t<section class=\"elementor-section elementor-top-section elementor-element elementor-element-2b347b2 elementor-section-boxed elementor-section-height-default elementor-section-height-default\" data-id=\"2b347b2\" data-element_type=\"section\" data-e-type=\"section\">\n\t\t\t\t\t\t<div class=\"elementor-container elementor-column-gap-default\">\n\t\t\t\t\t<div class=\"elementor-column elementor-col-100 elementor-top-column elementor-element elementor-element-7154351\" data-id=\"7154351\" data-element_type=\"column\" data-e-type=\"column\">\n\t\t\t<div class=\"elementor-widget-wrap elementor-element-populated\">\n\t\t\t\t\t\t<div class=\"elementor-element elementor-element-36668a4 elementor-widget elementor-widget-spacer\" data-id=\"36668a4\" data-element_type=\"widget\" data-e-type=\"widget\" data-widget_type=\"spacer.default\">\n\t\t\t\t<div class=\"elementor-widget-container\">\n\t\t\t\t\t\t\t<div class=\"elementor-spacer\">\n\t\t\t<div class=\"elementor-spacer-inner\"><\/div>\n\t\t<\/div>\n\t\t\t\t\t\t<\/div>\n\t\t\t\t<\/div>\n\t\t\t\t<div class=\"elementor-element elementor-element-d3ed9ba elementor-widget elementor-widget-heading\" data-id=\"d3ed9ba\" data-element_type=\"widget\" data-e-type=\"widget\" data-widget_type=\"heading.default\">\n\t\t\t\t<div class=\"elementor-widget-container\">\n\t\t\t\t\t<h2 class=\"elementor-heading-title elementor-size-default\">Discover Wise.travel team members<\/h2>\t\t\t\t<\/div>\n\t\t\t\t<\/div>\n\t\t\t\t<div class=\"elementor-element elementor-element-ed0a4fb elementor-widget elementor-widget-spacer\" data-id=\"ed0a4fb\" data-element_type=\"widget\" data-e-type=\"widget\" data-widget_type=\"spacer.default\">\n\t\t\t\t<div class=\"elementor-widget-container\">\n\t\t\t\t\t\t\t<div class=\"elementor-spacer\">\n\t\t\t<div class=\"elementor-spacer-inner\"><\/div>\n\t\t<\/div>\n\t\t\t\t\t\t<\/div>\n\t\t\t\t<\/div>\n\t\t\t\t<div class=\"elementor-element elementor-element-1cc9f37 wise-members-carousell elementor-widget elementor-widget-premium-addon-person\" data-id=\"1cc9f37\" data-element_type=\"widget\" data-e-type=\"widget\" data-widget_type=\"premium-addon-person.default\">\n\t\t\t\t<div class=\"elementor-widget-container\">\n\t\t\t\t\t\t\t<div class=\"premium-persons-container premium-person-style2\">\n\t\t\t\t\t\t<div class=\"premium-person-container premium-person-none-effect\">\n\n\t\t\t\t<div class=\"premium-person-image-container\">\n\t\t\t\t\t<img fetchpriority=\"high\" decoding=\"async\" width=\"1502\" height=\"1502\" src=\"https:\/\/wise.travel\/wp-content\/uploads\/2023\/01\/angela1.jpg\" class=\"attachment-full size-full wp-image-3465\" alt=\"\" srcset=\"https:\/\/wise.travel\/wp-content\/uploads\/2023\/01\/angela1.jpg 1502w, https:\/\/wise.travel\/wp-content\/uploads\/2023\/01\/angela1-100x100.jpg 100w, https:\/\/wise.travel\/wp-content\/uploads\/2023\/01\/angela1-510x510.jpg 510w, https:\/\/wise.travel\/wp-content\/uploads\/2023\/01\/angela1-800x800.jpg 800w, https:\/\/wise.travel\/wp-content\/uploads\/2023\/01\/angela1-1080x1080.jpg 1080w, https:\/\/wise.travel\/wp-content\/uploads\/2023\/01\/angela1-400x400.jpg 400w, https:\/\/wise.travel\/wp-content\/uploads\/2023\/01\/angela1-768x768.jpg 768w, https:\/\/wise.travel\/wp-content\/uploads\/2023\/01\/angela1-600x600.jpg 600w\" sizes=\"(max-width: 1502px) 100vw, 1502px\" \/>\n\t\t\t\t\t\t\t\t\t<\/div>\n\t\t\t\t<div class=\"premium-person-info\">\n\t\t\t\t\t\t\t\t<div class=\"premium-person-info-container\">\n\t\t\t\t\t\t\t\t\t<h2 class=\"premium-person-name\">Angela Achi\u021bei <\/h2>\t\t\t\t\t\t\t\t\t\t\t<h4 class=\"premium-person-title\">\n\t\t\t\t\t\t\t<span>General Manager<\/span>\n\t\t\t\t\t\t<\/h4>\n\t\t\t\t\t\t\t\t\t\t\t<div class=\"premium-person-content\">\n\t\t\t\t\t\t\t<p>Our story is written by people and represents their dream to create a better world! Come join us!<br \/>Let's build together! Let us be the change that we would like to see around us!<\/p><p><em>What we do every day ... defines our future!<\/em><\/p>\t\t\t\t\t\t<\/div>\n\t\t\t\t\t\t\t\t<\/div>\n\t\t\t\t\t\t\t<\/div>\n\t\t\t<\/div>\n\t\t\t\t\t\t<\/div>\n\t\t\t\t\t\t<\/div>\n\t\t\t\t<\/div>\n\t\t\t\t<div class=\"elementor-element elementor-element-d224080 wise-members-carousell elementor-widget elementor-widget-premium-addon-person\" data-id=\"d224080\" data-element_type=\"widget\" data-e-type=\"widget\" data-settings=\"{&quot;persons_per_row&quot;:&quot;33.33%&quot;,&quot;persons_per_row_tablet&quot;:&quot;100%&quot;,&quot;persons_per_row_mobile&quot;:&quot;100%&quot;}\" data-widget_type=\"premium-addon-person.default\">\n\t\t\t\t<div class=\"elementor-widget-container\">\n\t\t\t\t\t\t\t<div class=\"premium-persons-container premium-person-style2 multiple-persons\" data-persons-equal=\"\">\n\t\t\t\t\t\t\t\t<div class=\"premium-person-container premium-person-none-effect\">\n\t\t\t\t\t\t<div class=\"premium-person-image-container\">\n\t\t\t\t\t\t<img decoding=\"async\" width=\"969\" height=\"871\" src=\"https:\/\/wise.travel\/wp-content\/uploads\/2025\/05\/adelina-cretuuuu1.jpg\" class=\"attachment-full size-full wp-image-5938\" alt=\"\" srcset=\"https:\/\/wise.travel\/wp-content\/uploads\/2025\/05\/adelina-cretuuuu1.jpg 969w, https:\/\/wise.travel\/wp-content\/uploads\/2025\/05\/adelina-cretuuuu1-510x458.jpg 510w, https:\/\/wise.travel\/wp-content\/uploads\/2025\/05\/adelina-cretuuuu1-800x719.jpg 800w, https:\/\/wise.travel\/wp-content\/uploads\/2025\/05\/adelina-cretuuuu1-768x690.jpg 768w, https:\/\/wise.travel\/wp-content\/uploads\/2025\/05\/adelina-cretuuuu1-13x12.jpg 13w\" sizes=\"(max-width: 969px) 100vw, 969px\" \/>\t\t\t\t\t\t\t\t\t\t\t\t\t<\/div>\n\t\t\t\t\t\t<div class=\"premium-person-info\">\n\t\t\t\t\t\t\t\t\t\t<div class=\"premium-person-info-container\">\n\t\t\t\t\t\t\t\t\t<h2 class=\"premium-person-name\">Adelina Cre\u021bu <\/h2>\n\t\t\t\t\t\t\t\t\t\t\t<h4 class=\"premium-person-title\">\n\t\t\t\t\t\t\t<span>Founding Member<\/span>\n\t\t\t\t\t\t<\/h4>\n\t\t\t\t\t\t\t\t\t\t\t<div class=\"premium-person-content\">\n\t\t\t\t\t\t\t<p>My education, the specialized studies, the greatest hobby - all lead towards the field in which I have been active and through which I have been breathing for over 13 years.<\/p><p>The enthusiasm for the field and the accumulated know-how led me to WISE travel, a different kind of agency, for which I am proud to be a founding member.<\/p>\t\t\t\t\t\t<\/div>\n\t\t\t\t\t\t\t\t<\/div>\n\t\t\t\t\t\t\t\t\t<\/div>\n\t\t\t\t\t<\/div>\n\t\t\t\t\t\t\t\t\t\t<div class=\"premium-person-container premium-person-none-effect\">\n\t\t\t\t\t\t<div class=\"premium-person-image-container\">\n\t\t\t\t\t\t<img decoding=\"async\" width=\"969\" height=\"871\" src=\"https:\/\/wise.travel\/wp-content\/uploads\/2023\/01\/Fotografie-Flavia-Iftenie.jpg\" class=\"attachment-full size-full wp-image-3368\" alt=\"\" srcset=\"https:\/\/wise.travel\/wp-content\/uploads\/2023\/01\/Fotografie-Flavia-Iftenie.jpg 969w, https:\/\/wise.travel\/wp-content\/uploads\/2023\/01\/Fotografie-Flavia-Iftenie-510x458.jpg 510w, https:\/\/wise.travel\/wp-content\/uploads\/2023\/01\/Fotografie-Flavia-Iftenie-800x719.jpg 800w, https:\/\/wise.travel\/wp-content\/uploads\/2023\/01\/Fotografie-Flavia-Iftenie-768x690.jpg 768w\" sizes=\"(max-width: 969px) 100vw, 969px\" \/>\t\t\t\t\t\t\t\t\t\t\t\t\t<\/div>\n\t\t\t\t\t\t<div class=\"premium-person-info\">\n\t\t\t\t\t\t\t\t\t\t<div class=\"premium-person-info-container\">\n\t\t\t\t\t\t\t\t\t<h2 class=\"premium-person-name\">Flavia Iftenie<\/h2>\n\t\t\t\t\t\t\t\t\t\t\t<h4 class=\"premium-person-title\">\n\t\t\t\t\t\t\t<span>Travel Broker Manager<\/span>\n\t\t\t\t\t\t<\/h4>\n\t\t\t\t\t\t\t\t\t\t\t<div class=\"premium-person-content\">\n\t\t\t\t\t\t\t<p>\u00a0<\/p><p>Domeniul turismului a fost \u0219i r\u0103m\u00e2ne o provocare nesf\u00e2r\u0219it\u0103. Fiecare zi are o alt\u0103 dinamic\u0103, un alt tonus, alt vibe \u2013 \u00eenv\u0103\u021b mereu lucruri noi.<\/p><p>Pasionat\u0103 de c\u0103l\u0103torii, \u00eentr-o continu\u0103 v\u00e2n\u0103toare de noi destina\u021bii, \u00eemi doresc s\u0103 fiu o surs\u0103 de inspira\u021bie pentru c\u0103l\u0103torii \u00eemp\u0103timi\u021bi.<\/p>\t\t\t\t\t\t<\/div>\n\t\t\t\t\t\t\t\t<\/div>\n\t\t\t\t\t\t\t\t\t<\/div>\n\t\t\t\t\t<\/div>\n\t\t\t\t\t\t\t\t\t\t<div class=\"premium-person-container premium-person-none-effect\">\n\t\t\t\t\t\t<div class=\"premium-person-image-container\">\n\t\t\t\t\t\t<img loading=\"lazy\" decoding=\"async\" width=\"1200\" height=\"1201\" src=\"https:\/\/wise.travel\/wp-content\/uploads\/2023\/02\/Alexandra-1.jpg\" class=\"attachment-full size-full wp-image-3832\" alt=\"\" srcset=\"https:\/\/wise.travel\/wp-content\/uploads\/2023\/02\/Alexandra-1.jpg 1200w, https:\/\/wise.travel\/wp-content\/uploads\/2023\/02\/Alexandra-1-100x100.jpg 100w, https:\/\/wise.travel\/wp-content\/uploads\/2023\/02\/Alexandra-1-510x510.jpg 510w, https:\/\/wise.travel\/wp-content\/uploads\/2023\/02\/Alexandra-1-800x800.jpg 800w, https:\/\/wise.travel\/wp-content\/uploads\/2023\/02\/Alexandra-1-1079x1080.jpg 1079w, https:\/\/wise.travel\/wp-content\/uploads\/2023\/02\/Alexandra-1-400x400.jpg 400w, https:\/\/wise.travel\/wp-content\/uploads\/2023\/02\/Alexandra-1-768x769.jpg 768w, https:\/\/wise.travel\/wp-content\/uploads\/2023\/02\/Alexandra-1-600x600.jpg 600w\" sizes=\"(max-width: 1200px) 100vw, 1200px\" \/>\t\t\t\t\t\t\t\t\t\t\t\t\t<\/div>\n\t\t\t\t\t\t<div class=\"premium-person-info\">\n\t\t\t\t\t\t\t\t\t\t<div class=\"premium-person-info-container\">\n\t\t\t\t\t\t\t\t\t<h2 class=\"premium-person-name\">Alexandra Isac<\/h2>\n\t\t\t\t\t\t\t\t\t\t\t<h4 class=\"premium-person-title\">\n\t\t\t\t\t\t\t<span>Senior Travel Broker<\/span>\n\t\t\t\t\t\t<\/h4>\n\t\t\t\t\t\t\t\t\t\t\t<div class=\"premium-person-content\">\n\t\t\t\t\t\t\t<p>I'm Alexandra and I've been part of the WISE.travel team since 2017. I like to think that I'm cheerful and dedicated in everything I do.<\/p><p>Until now, I'm glad that I was able to snorkel in the Red Sea, feel the hot sand on the Cyprus beaches, eat cannoli in Sicily and take a picture near the Eiffel tower.<\/p><p>Of course, the list is long and I have many destinations to mark on the world map.<\/p><p>I truly believe that the best education comes from traveling and I am very happy to show everyone the hidden benefits that a vacation can bring.<\/p>\t\t\t\t\t\t<\/div>\n\t\t\t\t\t\t\t\t<\/div>\n\t\t\t\t\t\t\t\t\t<\/div>\n\t\t\t\t\t<\/div>\n\t\t\t\t\t\t\t<\/div>\n\t\t\t\t\t\t<\/div>\n\t\t\t\t<\/div>\n\t\t\t\t<div class=\"elementor-element elementor-element-12636eb elementor-widget elementor-widget-spacer\" data-id=\"12636eb\" data-element_type=\"widget\" data-e-type=\"widget\" data-widget_type=\"spacer.default\">\n\t\t\t\t<div class=\"elementor-widget-container\">\n\t\t\t\t\t\t\t<div class=\"elementor-spacer\">\n\t\t\t<div class=\"elementor-spacer-inner\"><\/div>\n\t\t<\/div>\n\t\t\t\t\t\t<\/div>\n\t\t\t\t<\/div>\n\t\t\t\t\t<\/div>\n\t\t<\/div>\n\t\t\t\t\t<\/div>\n\t\t<\/section>\n\t\t\t\t<\/div>","protected":false},"excerpt":{"rendered":"<p>Despre noi WISE.travel face parte din Grupul ADV Rom\u00e2nia, una din cele mai mari \u00eentreprinderi sociale din \u021bar\u0103, promotor al economiei sociale din Rom\u00e2nia, Republica Moldova \u0219i Ucraina. WISE.travel s-a \u00eenfiin\u021bat \u00een anul 2016 ca turoperator in domeniul turismului de tip \u00eentreprindere social\u0103. Reinveste\u0219te integral profitul pentru sus\u021binerea activit\u0103\u021bilor din cadrul \u201dClubului Tinerilor\u201d, un centru [&#8230;]\n","protected":false},"author":3,"featured_media":0,"parent":0,"menu_order":0,"comment_status":"closed","ping_status":"closed","template":"elementor_header_footer","meta":{"inline_featured_image":false,"footnotes":""},"class_list":["post-5315","page","type-page","status-publish","hentry"],"yoast_head":"<!-- This site is optimized with the Yoast SEO plugin v27.5 - https:\/\/yoast.com\/product\/yoast-seo-wordpress\/ -->\n<title>Despre noi - WISE.travel<\/title>\n<meta name=\"description\" content=\"C\u0103l\u0103torii premium, business &amp; leisure. Experien\u021be personalizate, f\u0103r\u0103 griji.\" \/>\n<meta name=\"robots\" content=\"index, follow, max-snippet:-1, max-image-preview:large, max-video-preview:-1\" \/>\n<link rel=\"canonical\" href=\"https:\/\/wise.travel\/en\/despre-noi\/\" \/>\n<meta property=\"og:locale\" content=\"en_US\" \/>\n<meta property=\"og:type\" content=\"article\" \/>\n<meta property=\"og:title\" content=\"Despre noi - WISE.travel\" \/>\n<meta property=\"og:description\" content=\"C\u0103l\u0103torii premium, business &amp; leisure. Experien\u021be personalizate, f\u0103r\u0103 griji.\" \/>\n<meta property=\"og:url\" content=\"https:\/\/wise.travel\/en\/despre-noi\/\" \/>\n<meta property=\"og:site_name\" content=\"WISE.travel\" \/>\n<meta property=\"article:modified_time\" content=\"2025-05-08T09:08:19+00:00\" \/>\n<meta property=\"og:image\" content=\"https:\/\/wise.travel\/wp-content\/uploads\/2023\/01\/angela1.jpg\" \/>\n<meta name=\"twitter:card\" content=\"summary_large_image\" \/>\n<meta name=\"twitter:label1\" content=\"Est. reading time\" \/>\n\t<meta name=\"twitter:data1\" content=\"4 minutes\" \/>\n<script type=\"application\/ld+json\" class=\"yoast-schema-graph\">{\"@context\":\"https:\\\/\\\/schema.org\",\"@graph\":[{\"@type\":\"WebPage\",\"@id\":\"https:\\\/\\\/wise.travel\\\/despre-noi\\\/\",\"url\":\"https:\\\/\\\/wise.travel\\\/despre-noi\\\/\",\"name\":\"Despre noi - WISE.travel\",\"isPartOf\":{\"@id\":\"https:\\\/\\\/wise.travel\\\/#website\"},\"primaryImageOfPage\":{\"@id\":\"https:\\\/\\\/wise.travel\\\/despre-noi\\\/#primaryimage\"},\"image\":{\"@id\":\"https:\\\/\\\/wise.travel\\\/despre-noi\\\/#primaryimage\"},\"thumbnailUrl\":\"https:\\\/\\\/wise.travel\\\/wp-content\\\/uploads\\\/2023\\\/01\\\/angela1.jpg\",\"datePublished\":\"2024-07-08T15:12:54+00:00\",\"dateModified\":\"2025-05-08T09:08:19+00:00\",\"description\":\"C\u0103l\u0103torii premium, business & leisure. Experien\u021be personalizate, f\u0103r\u0103 griji.\",\"breadcrumb\":{\"@id\":\"https:\\\/\\\/wise.travel\\\/despre-noi\\\/#breadcrumb\"},\"inLanguage\":\"en-US\",\"potentialAction\":[{\"@type\":\"ReadAction\",\"target\":[\"https:\\\/\\\/wise.travel\\\/despre-noi\\\/\"]}]},{\"@type\":\"ImageObject\",\"inLanguage\":\"en-US\",\"@id\":\"https:\\\/\\\/wise.travel\\\/despre-noi\\\/#primaryimage\",\"url\":\"https:\\\/\\\/wise.travel\\\/wp-content\\\/uploads\\\/2023\\\/01\\\/angela1.jpg\",\"contentUrl\":\"https:\\\/\\\/wise.travel\\\/wp-content\\\/uploads\\\/2023\\\/01\\\/angela1.jpg\"},{\"@type\":\"BreadcrumbList\",\"@id\":\"https:\\\/\\\/wise.travel\\\/despre-noi\\\/#breadcrumb\",\"itemListElement\":[{\"@type\":\"ListItem\",\"position\":1,\"name\":\"Home\",\"item\":\"https:\\\/\\\/wise.travel\\\/\"},{\"@type\":\"ListItem\",\"position\":2,\"name\":\"Despre noi\"}]},{\"@type\":\"WebSite\",\"@id\":\"https:\\\/\\\/wise.travel\\\/#website\",\"url\":\"https:\\\/\\\/wise.travel\\\/\",\"name\":\"WISE.travel\",\"description\":\"Agentie de turism\",\"potentialAction\":[{\"@type\":\"SearchAction\",\"target\":{\"@type\":\"EntryPoint\",\"urlTemplate\":\"https:\\\/\\\/wise.travel\\\/?s={search_term_string}\"},\"query-input\":{\"@type\":\"PropertyValueSpecification\",\"valueRequired\":true,\"valueName\":\"search_term_string\"}}],\"inLanguage\":\"en-US\"}]}<\/script>\n<!-- \/ Yoast SEO plugin. -->","yoast_head_json":{"title":"Despre noi - WISE.travel","description":"C\u0103l\u0103torii premium, business & leisure. Experien\u021be personalizate, f\u0103r\u0103 griji.","robots":{"index":"index","follow":"follow","max-snippet":"max-snippet:-1","max-image-preview":"max-image-preview:large","max-video-preview":"max-video-preview:-1"},"canonical":"https:\/\/wise.travel\/en\/despre-noi\/","og_locale":"en_US","og_type":"article","og_title":"Despre noi - WISE.travel","og_description":"C\u0103l\u0103torii premium, business & leisure. Experien\u021be personalizate, f\u0103r\u0103 griji.","og_url":"https:\/\/wise.travel\/en\/despre-noi\/","og_site_name":"WISE.travel","article_modified_time":"2025-05-08T09:08:19+00:00","og_image":[{"url":"https:\/\/wise.travel\/wp-content\/uploads\/2023\/01\/angela1.jpg","type":"","width":"","height":""}],"twitter_card":"summary_large_image","twitter_misc":{"Est. reading time":"4 minutes"},"schema":{"@context":"https:\/\/schema.org","@graph":[{"@type":"WebPage","@id":"https:\/\/wise.travel\/despre-noi\/","url":"https:\/\/wise.travel\/despre-noi\/","name":"Despre noi - WISE.travel","isPartOf":{"@id":"https:\/\/wise.travel\/#website"},"primaryImageOfPage":{"@id":"https:\/\/wise.travel\/despre-noi\/#primaryimage"},"image":{"@id":"https:\/\/wise.travel\/despre-noi\/#primaryimage"},"thumbnailUrl":"https:\/\/wise.travel\/wp-content\/uploads\/2023\/01\/angela1.jpg","datePublished":"2024-07-08T15:12:54+00:00","dateModified":"2025-05-08T09:08:19+00:00","description":"C\u0103l\u0103torii premium, business & leisure. Experien\u021be personalizate, f\u0103r\u0103 griji.","breadcrumb":{"@id":"https:\/\/wise.travel\/despre-noi\/#breadcrumb"},"inLanguage":"en-US","potentialAction":[{"@type":"ReadAction","target":["https:\/\/wise.travel\/despre-noi\/"]}]},{"@type":"ImageObject","inLanguage":"en-US","@id":"https:\/\/wise.travel\/despre-noi\/#primaryimage","url":"https:\/\/wise.travel\/wp-content\/uploads\/2023\/01\/angela1.jpg","contentUrl":"https:\/\/wise.travel\/wp-content\/uploads\/2023\/01\/angela1.jpg"},{"@type":"BreadcrumbList","@id":"https:\/\/wise.travel\/despre-noi\/#breadcrumb","itemListElement":[{"@type":"ListItem","position":1,"name":"Home","item":"https:\/\/wise.travel\/"},{"@type":"ListItem","position":2,"name":"Despre noi"}]},{"@type":"WebSite","@id":"https:\/\/wise.travel\/#website","url":"https:\/\/wise.travel\/","name":"WISE.travel","description":"Agentie de turism","potentialAction":[{"@type":"SearchAction","target":{"@type":"EntryPoint","urlTemplate":"https:\/\/wise.travel\/?s={search_term_string}"},"query-input":{"@type":"PropertyValueSpecification","valueRequired":true,"valueName":"search_term_string"}}],"inLanguage":"en-US"}]}},"_links":{"self":[{"href":"https:\/\/wise.travel\/en\/wp-json\/wp\/v2\/pages\/5315","targetHints":{"allow":["GET"]}}],"collection":[{"href":"https:\/\/wise.travel\/en\/wp-json\/wp\/v2\/pages"}],"about":[{"href":"https:\/\/wise.travel\/en\/wp-json\/wp\/v2\/types\/page"}],"author":[{"embeddable":true,"href":"https:\/\/wise.travel\/en\/wp-json\/wp\/v2\/users\/3"}],"replies":[{"embeddable":true,"href":"https:\/\/wise.travel\/en\/wp-json\/wp\/v2\/comments?post=5315"}],"version-history":[{"count":35,"href":"https:\/\/wise.travel\/en\/wp-json\/wp\/v2\/pages\/5315\/revisions"}],"predecessor-version":[{"id":5941,"href":"https:\/\/wise.travel\/en\/wp-json\/wp\/v2\/pages\/5315\/revisions\/5941"}],"wp:attachment":[{"href":"https:\/\/wise.travel\/en\/wp-json\/wp\/v2\/media?parent=5315"}],"curies":[{"name":"wp","href":"https:\/\/api.w.org\/{rel}","templated":true}]}}